{"id":1935,"date":"2023-04-03T17:13:28","date_gmt":"2023-04-03T15:13:28","guid":{"rendered":"https:\/\/miramichat.net\/?page_id=1935"},"modified":"2023-04-03T17:18:17","modified_gmt":"2023-04-03T15:18:17","slug":"rules","status":"publish","type":"page","link":"https:\/\/miramichat.net\/de\/regeln\/","title":{"rendered":"Regeln"},"content":{"rendered":"<div data-elementor-type=\"wp-page\" data-elementor-id=\"1935\" class=\"elementor elementor-1935\" data-elementor-post-type=\"page\">\n\t\t\t\t\t\t<section class=\"elementor-section elementor-top-section elementor-element elementor-element-c015431 elementor-section-boxed elementor-section-height-default elementor-section-height-default\" data-id=\"c015431\" data-element_type=\"section\" data-e-type=\"section\">\n\t\t\t\t\t\t<div class=\"elementor-container elementor-column-gap-default\">\n\t\t\t\t\t<div class=\"elementor-column elementor-col-100 elementor-top-column elementor-element elementor-element-5777ce58\" data-id=\"5777ce58\" data-element_type=\"column\" data-e-type=\"column\">\n\t\t\t<div class=\"elementor-widget-wrap elementor-element-populated\">\n\t\t\t\t\t\t<div class=\"elementor-element elementor-element-4ec708c elementor-widget elementor-widget-heading\" data-id=\"4ec708c\" data-element_type=\"widget\" data-e-type=\"widget\" data-widget_type=\"heading.default\">\n\t\t\t\t<div class=\"elementor-widget-container\">\n\t\t\t\t\t<h1 class=\"elementor-heading-title elementor-size-default\">Regeln<\/h1>\t\t\t\t<\/div>\n\t\t\t\t<\/div>\n\t\t\t\t\t<\/div>\n\t\t<\/div>\n\t\t\t\t\t<\/div>\n\t\t<\/section>\n\t\t\t\t<section class=\"elementor-section elementor-top-section elementor-element elementor-element-7e9e8771 elementor-section-boxed elementor-section-height-default elementor-section-height-default\" data-id=\"7e9e8771\" data-element_type=\"section\" data-e-type=\"section\">\n\t\t\t\t\t\t<div class=\"elementor-container elementor-column-gap-default\">\n\t\t\t\t\t<div class=\"elementor-column elementor-col-100 elementor-top-column elementor-element elementor-element-347c8dbe\" data-id=\"347c8dbe\" data-element_type=\"column\" data-e-type=\"column\">\n\t\t\t<div class=\"elementor-widget-wrap elementor-element-populated\">\n\t\t\t\t\t\t<div class=\"elementor-element elementor-element-483fff84 elementor-widget elementor-widget-text-editor\" data-id=\"483fff84\" data-element_type=\"widget\" data-e-type=\"widget\" data-widget_type=\"text-editor.default\">\n\t\t\t\t<div class=\"elementor-widget-container\">\n\t\t\t\t\t\t\t\t\t<p>Willkommen bei Miramichat.net! Unsere Plattform wurde entwickelt, um eine sichere und angenehme Umgebung f\u00fcr Benutzer zu schaffen, die sich in zuf\u00e4lligen Videochats mit Menschen aus der ganzen Welt engagieren m\u00f6chten. Um eine positive Erfahrung f\u00fcr alle Benutzer zu gew\u00e4hrleisten, haben wir eine Reihe von Regeln aufgestellt, die das akzeptable Verhalten auf unserer Plattform umrei\u00dfen. Durch den Zugriff auf und die Nutzung von Miramichat.net erkl\u00e4ren Sie sich mit diesen Regeln einverstanden.<\/p><h3>Seien Sie respektvoll und h\u00f6flich<\/h3><p>Behandeln Sie alle Nutzer mit Respekt und H\u00f6flichkeit, so wie Sie auch behandelt werden m\u00f6chten. F\u00fchren Sie freundliche und sinnvolle Gespr\u00e4che und verzichten Sie auf beleidigende Ausdr\u00fccke, Drohungen, Bel\u00e4stigungen oder Mobbing.<\/p><h3>Keine unangemessenen Inhalte<\/h3><p>Das Teilen von expliziten, anst\u00f6\u00dfigen oder anderweitig unangemessenen Inhalten ist auf Miramichat.net strengstens verboten. Dazu geh\u00f6ren unter anderem Nacktheit, eindeutige Bilder oder Videos, grafische Gewalt oder Hassreden. Nutzer, die solche Inhalte teilen, werden von der Plattform ausgeschlossen.<\/p><h3>Sch\u00fctzen Sie Ihre Privatsph\u00e4re<\/h3><p>Geben Sie zu Ihrer Sicherheit keine sensiblen pers\u00f6nlichen Informationen wie Ihren vollst\u00e4ndigen Namen, Ihre Adresse, Telefonnummer oder finanzielle Details an andere Nutzer weiter. Seien Sie vorsichtig, wenn Sie pers\u00f6nliche Dinge besprechen, und denken Sie daran, dass nicht jeder auf der Plattform Ihr Bestes im Sinn haben k\u00f6nnte.<\/p><h3>Kein Spam oder Werbung<\/h3><p>Das Bewerben von Produkten, Dienstleistungen oder Websites sowie das Versenden von Spam oder unerw\u00fcnschten Nachrichten ist auf Miramichat.net nicht erlaubt. Nutzer, die sich an solchen Aktivit\u00e4ten beteiligen, werden von der Plattform ausgeschlossen.<\/p><h3>Keine Nachahmung<\/h3><p>Es ist strengstens verboten, sich als eine andere Person auszugeben, egal ob es sich um einen Nutzer oder einen Mitarbeiter von Miramichat.net handelt. Nutzer, die sich als andere ausgeben, werden von der Plattform ausgeschlossen.<\/p><h3>Altersbeschr\u00e4nkungen<\/h3><p>Miramichat.net ist f\u00fcr Nutzer ab 13 Jahren gedacht. Benutzer unter 13 Jahren sind auf der Plattform nicht erlaubt. Wenn Sie einen Nutzer sehen, der minderj\u00e4hrig zu sein scheint, melden Sie ihn bitte unseren Moderatoren.<\/p><h3>Fehlverhalten melden<\/h3><p>Wenn Sie einen Nutzer sehen, der gegen diese Regeln verst\u00f6\u00dft oder unangemessenes Verhalten an den Tag legt, melden Sie dies bitte umgehend unseren Moderatoren. Ihre Meldungen helfen uns, ein sicheres und angenehmes Umfeld f\u00fcr alle Nutzer zu schaffen.<\/p><p>Verst\u00f6\u00dfe gegen diese Regeln k\u00f6nnen zu Verwarnungen, vor\u00fcbergehenden oder dauerhaften Sperren oder anderen Ma\u00dfnahmen f\u00fchren, die im Ermessen der Miramichat.net-Moderatoren und -Mitarbeiter liegen. Wir behalten uns das Recht vor, diese Regeln jederzeit zu aktualisieren oder zu \u00e4ndern, um die Sicherheit und Integrit\u00e4t unserer Plattform zu erhalten. Ihre fortgesetzte Nutzung von Miramichat.net bedeutet, dass Sie alle \u00c4nderungen an diesen Regeln akzeptieren.<\/p><p>Vielen Dank, dass Sie Teil der Miramichat.net-Community sind und Ihren Teil dazu beitragen, dass es ein sicherer und angenehmer Raum f\u00fcr alle ist!<\/p>\t\t\t\t\t\t\t\t<\/div>\n\t\t\t\t<\/div>\n\t\t\t\t\t<\/div>\n\t\t<\/div>\n\t\t\t\t\t<\/div>\n\t\t<\/section>\n\t\t\t\t<section class=\"elementor-section elementor-top-section elementor-element elementor-element-4be22e02 elementor-section-boxed elementor-section-height-default elementor-section-height-default\" data-id=\"4be22e02\" data-element_type=\"section\" data-e-type=\"section\" data-settings=\"{&quot;background_background&quot;:&quot;classic&quot;}\">\n\t\t\t\t\t\t<div class=\"elementor-container elementor-column-gap-default\">\n\t\t\t\t\t<div class=\"elementor-column elementor-col-100 elementor-top-column elementor-element elementor-element-2c3c51e8\" data-id=\"2c3c51e8\" data-element_type=\"column\" data-e-type=\"column\">\n\t\t\t<div class=\"elementor-widget-wrap elementor-element-populated\">\n\t\t\t\t\t\t<div class=\"elementor-element elementor-element-abcb415 elementor-widget elementor-widget-heading\" data-id=\"abcb415\" data-element_type=\"widget\" data-e-type=\"widget\" data-widget_type=\"heading.default\">\n\t\t\t\t<div class=\"elementor-widget-container\">\n\t\t\t\t\t<h2 class=\"elementor-heading-title elementor-size-default\">Teile mirami chat mit deinen Freunden<\/h2>\t\t\t\t<\/div>\n\t\t\t\t<\/div>\n\t\t\t\t<div class=\"elementor-element elementor-element-2eb8bd17 elementor-grid-mobile-1 elementor-share-buttons--view-icon-text elementor-share-buttons--skin-gradient elementor-share-buttons--shape-square elementor-grid-0 elementor-share-buttons--color-official elementor-widget elementor-widget-share-buttons\" data-id=\"2eb8bd17\" data-element_type=\"widget\" data-e-type=\"widget\" data-widget_type=\"share-buttons.default\">\n\t\t\t\t<div class=\"elementor-widget-container\">\n\t\t\t\t\t\t\t<div class=\"elementor-grid\" role=\"list\">\n\t\t\t\t\t\t\t\t<div class=\"elementor-grid-item\" role=\"listitem\">\n\t\t\t\t\t\t<div class=\"elementor-share-btn elementor-share-btn_facebook\" role=\"button\" tabindex=\"0\" aria-label=\"Teilen auf facebook\">\n\t\t\t\t\t\t\t\t\t\t\t\t\t\t\t<span class=\"elementor-share-btn__icon\">\n\t\t\t\t\t\t\t\t<i class=\"fab fa-facebook\" aria-hidden=\"true\"><\/i>\t\t\t\t\t\t\t<\/span>\n\t\t\t\t\t\t\t\t\t\t\t\t\t\t\t\t\t\t\t\t\t\t<div class=\"elementor-share-btn__text\">\n\t\t\t\t\t\t\t\t\t\t\t\t\t\t\t\t\t\t\t<span class=\"elementor-share-btn__title\">\n\t\t\t\t\t\t\t\t\t\tFacebook\t\t\t\t\t\t\t\t\t<\/span>\n\t\t\t\t\t\t\t\t\t\t\t\t\t\t\t\t\t<\/div>\n\t\t\t\t\t\t\t\t\t\t\t\t\t<\/div>\n\t\t\t\t\t<\/div>\n\t\t\t\t\t\t\t\t\t<div class=\"elementor-grid-item\" role=\"listitem\">\n\t\t\t\t\t\t<div class=\"elementor-share-btn elementor-share-btn_twitter\" role=\"button\" tabindex=\"0\" aria-label=\"Teilen auf twitter\">\n\t\t\t\t\t\t\t\t\t\t\t\t\t\t\t<span class=\"elementor-share-btn__icon\">\n\t\t\t\t\t\t\t\t<i class=\"fab fa-twitter\" aria-hidden=\"true\"><\/i>\t\t\t\t\t\t\t<\/span>\n\t\t\t\t\t\t\t\t\t\t\t\t\t\t\t\t\t\t\t\t\t\t<div class=\"elementor-share-btn__text\">\n\t\t\t\t\t\t\t\t\t\t\t\t\t\t\t\t\t\t\t<span class=\"elementor-share-btn__title\">\n\t\t\t\t\t\t\t\t\t\tTwitter\t\t\t\t\t\t\t\t\t<\/span>\n\t\t\t\t\t\t\t\t\t\t\t\t\t\t\t\t\t<\/div>\n\t\t\t\t\t\t\t\t\t\t\t\t\t<\/div>\n\t\t\t\t\t<\/div>\n\t\t\t\t\t\t\t\t\t<div class=\"elementor-grid-item\" role=\"listitem\">\n\t\t\t\t\t\t<div class=\"elementor-share-btn elementor-share-btn_whatsapp\" role=\"button\" tabindex=\"0\" aria-label=\"Teilen auf whatsapp\">\n\t\t\t\t\t\t\t\t\t\t\t\t\t\t\t<span class=\"elementor-share-btn__icon\">\n\t\t\t\t\t\t\t\t<i class=\"fab fa-whatsapp\" aria-hidden=\"true\"><\/i>\t\t\t\t\t\t\t<\/span>\n\t\t\t\t\t\t\t\t\t\t\t\t\t\t\t\t\t\t\t\t\t\t<div class=\"elementor-share-btn__text\">\n\t\t\t\t\t\t\t\t\t\t\t\t\t\t\t\t\t\t\t<span class=\"elementor-share-btn__title\">\n\t\t\t\t\t\t\t\t\t\tWhatsApp\t\t\t\t\t\t\t\t\t<\/span>\n\t\t\t\t\t\t\t\t\t\t\t\t\t\t\t\t\t<\/div>\n\t\t\t\t\t\t\t\t\t\t\t\t\t<\/div>\n\t\t\t\t\t<\/div>\n\t\t\t\t\t\t\t\t\t<div class=\"elementor-grid-item\" role=\"listitem\">\n\t\t\t\t\t\t<div class=\"elementor-share-btn elementor-share-btn_reddit\" role=\"button\" tabindex=\"0\" aria-label=\"Teilen auf reddit\">\n\t\t\t\t\t\t\t\t\t\t\t\t\t\t\t<span class=\"elementor-share-btn__icon\">\n\t\t\t\t\t\t\t\t<i class=\"fab fa-reddit\" aria-hidden=\"true\"><\/i>\t\t\t\t\t\t\t<\/span>\n\t\t\t\t\t\t\t\t\t\t\t\t\t\t\t\t\t\t\t\t\t\t<div class=\"elementor-share-btn__text\">\n\t\t\t\t\t\t\t\t\t\t\t\t\t\t\t\t\t\t\t<span class=\"elementor-share-btn__title\">\n\t\t\t\t\t\t\t\t\t\tReddit\t\t\t\t\t\t\t\t\t<\/span>\n\t\t\t\t\t\t\t\t\t\t\t\t\t\t\t\t\t<\/div>\n\t\t\t\t\t\t\t\t\t\t\t\t\t<\/div>\n\t\t\t\t\t<\/div>\n\t\t\t\t\t\t\t\t\t<div class=\"elementor-grid-item\" role=\"listitem\">\n\t\t\t\t\t\t<div class=\"elementor-share-btn elementor-share-btn_vk\" role=\"button\" tabindex=\"0\" aria-label=\"Teilen auf vk\">\n\t\t\t\t\t\t\t\t\t\t\t\t\t\t\t<span class=\"elementor-share-btn__icon\">\n\t\t\t\t\t\t\t\t<i class=\"fab fa-vk\" aria-hidden=\"true\"><\/i>\t\t\t\t\t\t\t<\/span>\n\t\t\t\t\t\t\t\t\t\t\t\t\t\t\t\t\t\t\t\t\t\t<div class=\"elementor-share-btn__text\">\n\t\t\t\t\t\t\t\t\t\t\t\t\t\t\t\t\t\t\t<span class=\"elementor-share-btn__title\">\n\t\t\t\t\t\t\t\t\t\tVK\t\t\t\t\t\t\t\t\t<\/span>\n\t\t\t\t\t\t\t\t\t\t\t\t\t\t\t\t\t<\/div>\n\t\t\t\t\t\t\t\t\t\t\t\t\t<\/div>\n\t\t\t\t\t<\/div>\n\t\t\t\t\t\t\t\t\t<div class=\"elementor-grid-item\" role=\"listitem\">\n\t\t\t\t\t\t<div class=\"elementor-share-btn elementor-share-btn_telegram\" role=\"button\" tabindex=\"0\" aria-label=\"Teilen auf telegram\">\n\t\t\t\t\t\t\t\t\t\t\t\t\t\t\t<span class=\"elementor-share-btn__icon\">\n\t\t\t\t\t\t\t\t<i class=\"fab fa-telegram\" aria-hidden=\"true\"><\/i>\t\t\t\t\t\t\t<\/span>\n\t\t\t\t\t\t\t\t\t\t\t\t\t\t\t\t\t\t\t\t\t\t<div class=\"elementor-share-btn__text\">\n\t\t\t\t\t\t\t\t\t\t\t\t\t\t\t\t\t\t\t<span class=\"elementor-share-btn__title\">\n\t\t\t\t\t\t\t\t\t\tTelegramm\t\t\t\t\t\t\t\t\t<\/span>\n\t\t\t\t\t\t\t\t\t\t\t\t\t\t\t\t\t<\/div>\n\t\t\t\t\t\t\t\t\t\t\t\t\t<\/div>\n\t\t\t\t\t<\/div>\n\t\t\t\t\t\t<\/div>\n\t\t\t\t\t\t<\/div>\n\t\t\t\t<\/div>\n\t\t\t\t\t<\/div>\n\t\t<\/div>\n\t\t\t\t\t<\/div>\n\t\t<\/section>\n\t\t\t\t<\/div>","protected":false},"excerpt":{"rendered":"<p>Rules Welcome to Miramichat.net! Our platform is designed to create a safe and enjoyable environment for users to engage in random video chats with people from around the world. To ensure a positive experience for all users, we have established a set of rules that outline acceptable behavior and conduct on our platform. By accessing [&hellip;]<\/p>\n","protected":false},"author":1,"featured_media":0,"parent":0,"menu_order":0,"comment_status":"closed","ping_status":"closed","template":"elementor_header_footer","meta":{"footnotes":""},"class_list":["post-1935","page","type-page","status-publish","hentry"],"yoast_head":"<!-- This site is optimized with the Yoast SEO plugin v25.6 - https:\/\/yoast.com\/wordpress\/plugins\/seo\/ -->\n<title>Rules - Random Video Chat<\/title>\n<meta name=\"description\" content=\"Rules is an Anonymous random video chat with over 5.000.000 strangers. No Sign-Up Required! Random video chat on Rules.\" \/>\n<meta name=\"robots\" content=\"index, follow, max-snippet:-1, max-image-preview:large, max-video-preview:-1\" \/>\n<link rel=\"canonical\" href=\"https:\/\/miramichat.net\/de\/rules\/\" \/>\n<meta property=\"og:locale\" content=\"de_DE\" \/>\n<meta property=\"og:type\" content=\"article\" \/>\n<meta property=\"og:title\" content=\"Rules - Random Video Chat\" \/>\n<meta property=\"og:description\" content=\"Rules is an Anonymous random video chat with over 5.000.000 strangers. No Sign-Up Required! Random video chat on Rules.\" \/>\n<meta property=\"og:url\" content=\"https:\/\/miramichat.net\/de\/rules\/\" \/>\n<meta property=\"og:site_name\" content=\"Mirami Chat\" \/>\n<meta property=\"article:modified_time\" content=\"2023-04-03T15:18:17+00:00\" \/>\n<meta name=\"twitter:card\" content=\"summary_large_image\" \/>\n<meta name=\"twitter:label1\" content=\"Gesch\u00e4tzte Lesezeit\" \/>\n\t<meta name=\"twitter:data1\" content=\"2\u00a0Minuten\" \/>\n<script type=\"application\/ld+json\" class=\"yoast-schema-graph\">{\"@context\":\"https:\/\/schema.org\",\"@graph\":[{\"@type\":\"WebPage\",\"@id\":\"https:\/\/miramichat.net\/rules\/\",\"url\":\"https:\/\/miramichat.net\/rules\/\",\"name\":\"Rules - Random Video Chat\",\"isPartOf\":{\"@id\":\"https:\/\/miramichat.net\/#website\"},\"datePublished\":\"2023-04-03T15:13:28+00:00\",\"dateModified\":\"2023-04-03T15:18:17+00:00\",\"description\":\"Rules is an Anonymous random video chat with over 5.000.000 strangers. No Sign-Up Required! Random video chat on Rules.\",\"breadcrumb\":{\"@id\":\"https:\/\/miramichat.net\/rules\/#breadcrumb\"},\"inLanguage\":\"de\",\"potentialAction\":[{\"@type\":\"ReadAction\",\"target\":[\"https:\/\/miramichat.net\/rules\/\"]}]},{\"@type\":\"BreadcrumbList\",\"@id\":\"https:\/\/miramichat.net\/rules\/#breadcrumb\",\"itemListElement\":[{\"@type\":\"ListItem\",\"position\":1,\"name\":\"Home\",\"item\":\"https:\/\/miramichat.net\/\"},{\"@type\":\"ListItem\",\"position\":2,\"name\":\"Rules\"}]},{\"@type\":\"WebSite\",\"@id\":\"https:\/\/miramichat.net\/#website\",\"url\":\"https:\/\/miramichat.net\/\",\"name\":\"Mirami Chat\",\"description\":\"\",\"publisher\":{\"@id\":\"https:\/\/miramichat.net\/#organization\"},\"potentialAction\":[{\"@type\":\"SearchAction\",\"target\":{\"@type\":\"EntryPoint\",\"urlTemplate\":\"https:\/\/miramichat.net\/?s={search_term_string}\"},\"query-input\":{\"@type\":\"PropertyValueSpecification\",\"valueRequired\":true,\"valueName\":\"search_term_string\"}}],\"inLanguage\":\"de\"},{\"@type\":\"Organization\",\"@id\":\"https:\/\/miramichat.net\/#organization\",\"name\":\"Mirami Chat\",\"url\":\"https:\/\/miramichat.net\/\",\"logo\":{\"@type\":\"ImageObject\",\"inLanguage\":\"de\",\"@id\":\"https:\/\/miramichat.net\/#\/schema\/logo\/image\/\",\"url\":\"http:\/\/miramichat.net\/wp-content\/uploads\/2021\/01\/bazoocam2.png\",\"contentUrl\":\"http:\/\/miramichat.net\/wp-content\/uploads\/2021\/01\/bazoocam2.png\",\"width\":649,\"height\":64,\"caption\":\"Mirami Chat\"},\"image\":{\"@id\":\"https:\/\/miramichat.net\/#\/schema\/logo\/image\/\"}}]}<\/script>\n<!-- \/ Yoast SEO plugin. -->","yoast_head_json":{"title":"Regeln - Zufalls-Videochat","description":"Rules ist ein anonymer, zuf\u00e4lliger Video-Chat mit \u00fcber 5.000.000 Fremden. Keine Anmeldung erforderlich! Zuf\u00e4lliger Video-Chat auf Rules.","robots":{"index":"index","follow":"follow","max-snippet":"max-snippet:-1","max-image-preview":"max-image-preview:large","max-video-preview":"max-video-preview:-1"},"canonical":"https:\/\/miramichat.net\/de\/rules\/","og_locale":"de_DE","og_type":"article","og_title":"Rules - Random Video Chat","og_description":"Rules is an Anonymous random video chat with over 5.000.000 strangers. No Sign-Up Required! Random video chat on Rules.","og_url":"https:\/\/miramichat.net\/de\/rules\/","og_site_name":"Mirami Chat","article_modified_time":"2023-04-03T15:18:17+00:00","twitter_card":"summary_large_image","twitter_misc":{"Gesch\u00e4tzte Lesezeit":"2\u00a0Minuten"},"schema":{"@context":"https:\/\/schema.org","@graph":[{"@type":"WebPage","@id":"https:\/\/miramichat.net\/rules\/","url":"https:\/\/miramichat.net\/rules\/","name":"Regeln - Zufalls-Videochat","isPartOf":{"@id":"https:\/\/miramichat.net\/#website"},"datePublished":"2023-04-03T15:13:28+00:00","dateModified":"2023-04-03T15:18:17+00:00","description":"Rules ist ein anonymer, zuf\u00e4lliger Video-Chat mit \u00fcber 5.000.000 Fremden. Keine Anmeldung erforderlich! Zuf\u00e4lliger Video-Chat auf Rules.","breadcrumb":{"@id":"https:\/\/miramichat.net\/rules\/#breadcrumb"},"inLanguage":"de","potentialAction":[{"@type":"ReadAction","target":["https:\/\/miramichat.net\/rules\/"]}]},{"@type":"BreadcrumbList","@id":"https:\/\/miramichat.net\/rules\/#breadcrumb","itemListElement":[{"@type":"ListItem","position":1,"name":"Home","item":"https:\/\/miramichat.net\/"},{"@type":"ListItem","position":2,"name":"Rules"}]},{"@type":"WebSite","@id":"https:\/\/miramichat.net\/#website","url":"https:\/\/miramichat.net\/","name":"Mirami Chat","description":"","publisher":{"@id":"https:\/\/miramichat.net\/#organization"},"potentialAction":[{"@type":"SearchAction","target":{"@type":"EntryPoint","urlTemplate":"https:\/\/miramichat.net\/?s={search_term_string}"},"query-input":{"@type":"PropertyValueSpecification","valueRequired":true,"valueName":"search_term_string"}}],"inLanguage":"de"},{"@type":"Organization","@id":"https:\/\/miramichat.net\/#organization","name":"Mirami Chat","url":"https:\/\/miramichat.net\/","logo":{"@type":"ImageObject","inLanguage":"de","@id":"https:\/\/miramichat.net\/#\/schema\/logo\/image\/","url":"http:\/\/miramichat.net\/wp-content\/uploads\/2021\/01\/bazoocam2.png","contentUrl":"http:\/\/miramichat.net\/wp-content\/uploads\/2021\/01\/bazoocam2.png","width":649,"height":64,"caption":"Mirami Chat"},"image":{"@id":"https:\/\/miramichat.net\/#\/schema\/logo\/image\/"}}]}},"_links":{"self":[{"href":"https:\/\/miramichat.net\/de\/wp-json\/wp\/v2\/pages\/1935"}],"collection":[{"href":"https:\/\/miramichat.net\/de\/wp-json\/wp\/v2\/pages"}],"about":[{"href":"https:\/\/miramichat.net\/de\/wp-json\/wp\/v2\/types\/page"}],"author":[{"embeddable":true,"href":"https:\/\/miramichat.net\/de\/wp-json\/wp\/v2\/users\/1"}],"replies":[{"embeddable":true,"href":"https:\/\/miramichat.net\/de\/wp-json\/wp\/v2\/comments?post=1935"}],"version-history":[{"count":7,"href":"https:\/\/miramichat.net\/de\/wp-json\/wp\/v2\/pages\/1935\/revisions"}],"predecessor-version":[{"id":1953,"href":"https:\/\/miramichat.net\/de\/wp-json\/wp\/v2\/pages\/1935\/revisions\/1953"}],"wp:attachment":[{"href":"https:\/\/miramichat.net\/de\/wp-json\/wp\/v2\/media?parent=1935"}],"curies":[{"name":"wp","href":"https:\/\/api.w.org\/{rel}","templated":true}]}}