{"id":43,"date":"2020-04-08T23:06:52","date_gmt":"2020-04-08T21:06:52","guid":{"rendered":"https:\/\/miramichat.net\/?page_id=43"},"modified":"2023-04-03T17:13:14","modified_gmt":"2023-04-03T15:13:14","slug":"privacy","status":"publish","type":"page","link":"https:\/\/miramichat.net\/de\/datenschutz\/","title":{"rendered":"Datenschutz"},"content":{"rendered":"<div data-elementor-type=\"wp-page\" data-elementor-id=\"43\" class=\"elementor elementor-43\" data-elementor-post-type=\"page\">\n\t\t\t\t\t\t<section class=\"elementor-section elementor-top-section elementor-element elementor-element-35af04a1 elementor-section-boxed elementor-section-height-default elementor-section-height-default\" data-id=\"35af04a1\" data-element_type=\"section\" data-e-type=\"section\">\n\t\t\t\t\t\t<div class=\"elementor-container elementor-column-gap-default\">\n\t\t\t\t\t<div class=\"elementor-column elementor-col-100 elementor-top-column elementor-element elementor-element-1064e177\" data-id=\"1064e177\" data-element_type=\"column\" data-e-type=\"column\">\n\t\t\t<div class=\"elementor-widget-wrap elementor-element-populated\">\n\t\t\t\t\t\t<div class=\"elementor-element elementor-element-34e636ff elementor-widget elementor-widget-heading\" data-id=\"34e636ff\" data-element_type=\"widget\" data-e-type=\"widget\" data-widget_type=\"heading.default\">\n\t\t\t\t<div class=\"elementor-widget-container\">\n\t\t\t\t\t<h1 class=\"elementor-heading-title elementor-size-default\">Datenschutz<\/h1>\t\t\t\t<\/div>\n\t\t\t\t<\/div>\n\t\t\t\t\t<\/div>\n\t\t<\/div>\n\t\t\t\t\t<\/div>\n\t\t<\/section>\n\t\t\t\t<section class=\"elementor-section elementor-top-section elementor-element elementor-element-2c43ea8b elementor-section-boxed elementor-section-height-default elementor-section-height-default\" data-id=\"2c43ea8b\" data-element_type=\"section\" data-e-type=\"section\">\n\t\t\t\t\t\t<div class=\"elementor-container elementor-column-gap-default\">\n\t\t\t\t\t<div class=\"elementor-column elementor-col-100 elementor-top-column elementor-element elementor-element-6a75881f\" data-id=\"6a75881f\" data-element_type=\"column\" data-e-type=\"column\">\n\t\t\t<div class=\"elementor-widget-wrap elementor-element-populated\">\n\t\t\t\t\t\t<div class=\"elementor-element elementor-element-c53b83b elementor-widget elementor-widget-text-editor\" data-id=\"c53b83b\" data-element_type=\"widget\" data-e-type=\"widget\" data-widget_type=\"text-editor.default\">\n\t\t\t\t<div class=\"elementor-widget-container\">\n\t\t\t\t\t\t\t\t\t<p>Miramichat.net (\"wir\", \"uns\" oder \"unser\") sch\u00e4tzt und respektiert die Privatsph\u00e4re seiner Nutzer (\"Sie\", \"Ihr\" oder \"Nutzer\"). Diese Datenschutzrichtlinie umrei\u00dft die Arten von Informationen, die wir sammeln, wie wir sie verwenden und die Ma\u00dfnahmen, die wir ergreifen, um Ihre pers\u00f6nlichen Daten zu sch\u00fctzen, wenn Sie unsere Dienste nutzen. Indem Sie auf Miramichat.net zugreifen und es nutzen, stimmen Sie den Bedingungen dieser Datenschutzrichtlinie zu.<\/p><h3>Gesammelte Informationen<\/h3><p>Wir k\u00f6nnen die folgenden Arten von Informationen von unseren Nutzern sammeln:<\/p><p>a. Pers\u00f6nliche Informationen: Dazu geh\u00f6ren Informationen, die dazu verwendet werden k\u00f6nnen, Sie zu identifizieren, wie z. B. Ihr Name, Ihre E-Mail-Adresse und Ihr Profilbild. Wir sammeln diese Informationen nur, wenn Sie sie uns freiwillig zur Verf\u00fcgung stellen, z. B. wenn Sie ein Konto erstellen oder uns f\u00fcr Support kontaktieren.<\/p><p>b. Informationen \u00fcber die Nutzung: Wir erfassen automatisch bestimmte Informationen dar\u00fcber, wie Sie mit unserer Plattform interagieren, einschlie\u00dflich Ihrer IP-Adresse, des Browsertyps, des Betriebssystems, der besuchten Seiten und der Dauer Ihres Besuchs.<\/p><p>c. Cookies und \u00e4hnliche Technologien: Wir verwenden Cookies und \u00e4hnliche Technologien, um Ihre Nutzererfahrung zu verbessern, Ihre Pr\u00e4ferenzen zu speichern und aggregierte Nutzungsdaten zu sammeln.<\/p><h3>Wie wir Ihre Informationen verwenden<\/h3><p>Wir k\u00f6nnen die von uns gesammelten Informationen f\u00fcr die folgenden Zwecke verwenden:<\/p><p>a. Um unsere Dienste bereitzustellen, aufrechtzuerhalten und zu verbessern. b. Um mit Ihnen zu kommunizieren, Anfragen zu beantworten und Kundensupport zu leisten. c. Um Ihre Nutzererfahrung zu personalisieren und Inhalte bereitzustellen, die Ihren Interessen entsprechen. d. Um die Nutzung der Plattform und Trends zu \u00fcberwachen und zu analysieren, um unsere Dienste zu verbessern. e. Um technische Probleme und potenzielle Sicherheitsbedrohungen zu erkennen, zu verhindern und zu beheben. f. Um unsere Nutzungsbedingungen durchzusetzen und rechtlichen Verpflichtungen nachzukommen.<\/p><h3>Weitergabe Ihrer Informationen<\/h3><p>Wir geben Ihre pers\u00f6nlichen Daten nicht ohne Ihre ausdr\u00fcckliche Zustimmung an Dritte weiter, au\u00dfer unter den folgenden Umst\u00e4nden:<\/p><p>a. Um einer gesetzlichen Verpflichtung nachzukommen, wie z.B. einem Gerichtsbeschluss, einer Vorladung oder einer Anfrage der Strafverfolgungsbeh\u00f6rden. b. Um die Sicherheit, die Rechte oder das Eigentum von Miramichat.net, unserer Nutzer oder der \u00d6ffentlichkeit zu sch\u00fctzen. c. Im Falle einer Fusion, einer \u00dcbernahme oder eines Verkaufs von Verm\u00f6genswerten, in welchem Fall Ihre Daten an das \u00fcbernehmende Unternehmen \u00fcbertragen werden k\u00f6nnen.<\/p><h3>Sicherheitsma\u00dfnahmen<\/h3><p>Wir nehmen die Sicherheit Ihrer pers\u00f6nlichen Daten ernst und wenden branchen\u00fcbliche Ma\u00dfnahmen an, um sie vor unbefugtem Zugriff, Offenlegung, \u00c4nderung oder Zerst\u00f6rung zu sch\u00fctzen. Allerdings ist keine Methode der Online-Daten\u00fcbertragung oder -speicherung 100% sicher, und wir k\u00f6nnen die absolute Sicherheit Ihrer Daten nicht garantieren.<\/p><h3>Datenschutz f\u00fcr Kinder<\/h3><p>Miramichat.net ist nicht f\u00fcr Benutzer unter 13 Jahren gedacht. Wir sammeln nicht wissentlich pers\u00f6nliche Daten von Kindern unter 13 Jahren. Wenn wir erfahren, dass ein Kind unter 13 Jahren uns personenbezogene Daten zur Verf\u00fcgung gestellt hat, werden wir geeignete Schritte unternehmen, um diese Daten zu entfernen und das Konto des Kindes zu l\u00f6schen.<\/p><h3>Links von Drittanbietern<\/h3><p>Unsere Plattform kann Links zu Websites und Diensten Dritter enthalten. Wir sind nicht verantwortlich f\u00fcr die Datenschutzpraktiken oder Inhalte dieser Dritten. Wir empfehlen Ihnen, die Datenschutzrichtlinien der von Ihnen besuchten Websites oder Dienste Dritter zu pr\u00fcfen.<\/p><h3>\u00c4nderungen an unserer Datenschutzrichtlinie<\/h3><p>Wir k\u00f6nnen unsere Datenschutzrichtlinie von Zeit zu Zeit aktualisieren, um \u00c4nderungen unserer Praktiken oder der geltenden Gesetze zu ber\u00fccksichtigen. Wir werden Sie \u00fcber alle wesentlichen \u00c4nderungen informieren, indem wir die aktualisierte Richtlinie auf unserer Plattform zusammen mit dem Datum der letzten Aktualisierung ver\u00f6ffentlichen. Ihre fortgesetzte Nutzung von Miramichat.net nach einer \u00c4nderung unserer Datenschutzrichtlinien stellt Ihre Zustimmung zu den aktualisierten Richtlinien dar.<\/p><h3>Kontakt<\/h3><p>Wenn Sie Fragen oder Bedenken bez\u00fcglich unserer Datenschutzrichtlinie oder Ihrer pers\u00f6nlichen Daten haben, kontaktieren Sie uns bitte \u00fcber unsere Kontaktseite.<\/p>\t\t\t\t\t\t\t\t<\/div>\n\t\t\t\t<\/div>\n\t\t\t\t\t<\/div>\n\t\t<\/div>\n\t\t\t\t\t<\/div>\n\t\t<\/section>\n\t\t\t\t<section class=\"elementor-section elementor-top-section elementor-element elementor-element-718e82cd elementor-section-boxed elementor-section-height-default elementor-section-height-default\" data-id=\"718e82cd\" data-element_type=\"section\" data-e-type=\"section\" data-settings=\"{&quot;background_background&quot;:&quot;classic&quot;}\">\n\t\t\t\t\t\t<div class=\"elementor-container elementor-column-gap-default\">\n\t\t\t\t\t<div class=\"elementor-column elementor-col-100 elementor-top-column elementor-element elementor-element-104ed8f\" data-id=\"104ed8f\" data-element_type=\"column\" data-e-type=\"column\">\n\t\t\t<div class=\"elementor-widget-wrap elementor-element-populated\">\n\t\t\t\t\t\t<div class=\"elementor-element elementor-element-2cfaa1bc elementor-widget elementor-widget-heading\" data-id=\"2cfaa1bc\" data-element_type=\"widget\" data-e-type=\"widget\" data-widget_type=\"heading.default\">\n\t\t\t\t<div class=\"elementor-widget-container\">\n\t\t\t\t\t<h2 class=\"elementor-heading-title elementor-size-default\">Teile mirami chat mit deinen Freunden<\/h2>\t\t\t\t<\/div>\n\t\t\t\t<\/div>\n\t\t\t\t<div class=\"elementor-element elementor-element-6032c3fb elementor-grid-mobile-1 elementor-share-buttons--view-icon-text elementor-share-buttons--skin-gradient elementor-share-buttons--shape-square elementor-grid-0 elementor-share-buttons--color-official elementor-widget elementor-widget-share-buttons\" data-id=\"6032c3fb\" data-element_type=\"widget\" data-e-type=\"widget\" data-widget_type=\"share-buttons.default\">\n\t\t\t\t<div class=\"elementor-widget-container\">\n\t\t\t\t\t\t\t<div class=\"elementor-grid\" role=\"list\">\n\t\t\t\t\t\t\t\t<div class=\"elementor-grid-item\" role=\"listitem\">\n\t\t\t\t\t\t<div class=\"elementor-share-btn elementor-share-btn_facebook\" role=\"button\" tabindex=\"0\" aria-label=\"Compartir en facebook\" data-no-translation-aria-label=\"\">\n\t\t\t\t\t\t\t\t\t\t\t\t\t\t\t<span class=\"elementor-share-btn__icon\">\n\t\t\t\t\t\t\t\t<i class=\"fab fa-facebook\" aria-hidden=\"true\"><\/i>\t\t\t\t\t\t\t<\/span>\n\t\t\t\t\t\t\t\t\t\t\t\t\t\t\t\t\t\t\t\t\t\t<div class=\"elementor-share-btn__text\">\n\t\t\t\t\t\t\t\t\t\t\t\t\t\t\t\t\t\t\t<span class=\"elementor-share-btn__title\">\n\t\t\t\t\t\t\t\t\t\tFacebook\t\t\t\t\t\t\t\t\t<\/span>\n\t\t\t\t\t\t\t\t\t\t\t\t\t\t\t\t\t<\/div>\n\t\t\t\t\t\t\t\t\t\t\t\t\t<\/div>\n\t\t\t\t\t<\/div>\n\t\t\t\t\t\t\t\t\t<div class=\"elementor-grid-item\" role=\"listitem\">\n\t\t\t\t\t\t<div class=\"elementor-share-btn elementor-share-btn_twitter\" role=\"button\" tabindex=\"0\" aria-label=\"Compartir en twitter\" data-no-translation-aria-label=\"\">\n\t\t\t\t\t\t\t\t\t\t\t\t\t\t\t<span class=\"elementor-share-btn__icon\">\n\t\t\t\t\t\t\t\t<i class=\"fab fa-twitter\" aria-hidden=\"true\"><\/i>\t\t\t\t\t\t\t<\/span>\n\t\t\t\t\t\t\t\t\t\t\t\t\t\t\t\t\t\t\t\t\t\t<div class=\"elementor-share-btn__text\">\n\t\t\t\t\t\t\t\t\t\t\t\t\t\t\t\t\t\t\t<span class=\"elementor-share-btn__title\">\n\t\t\t\t\t\t\t\t\t\tTwitter\t\t\t\t\t\t\t\t\t<\/span>\n\t\t\t\t\t\t\t\t\t\t\t\t\t\t\t\t\t<\/div>\n\t\t\t\t\t\t\t\t\t\t\t\t\t<\/div>\n\t\t\t\t\t<\/div>\n\t\t\t\t\t\t\t\t\t<div class=\"elementor-grid-item\" role=\"listitem\">\n\t\t\t\t\t\t<div class=\"elementor-share-btn elementor-share-btn_whatsapp\" role=\"button\" tabindex=\"0\" aria-label=\"Compartir en whatsapp\" data-no-translation-aria-label=\"\">\n\t\t\t\t\t\t\t\t\t\t\t\t\t\t\t<span class=\"elementor-share-btn__icon\">\n\t\t\t\t\t\t\t\t<i class=\"fab fa-whatsapp\" aria-hidden=\"true\"><\/i>\t\t\t\t\t\t\t<\/span>\n\t\t\t\t\t\t\t\t\t\t\t\t\t\t\t\t\t\t\t\t\t\t<div class=\"elementor-share-btn__text\">\n\t\t\t\t\t\t\t\t\t\t\t\t\t\t\t\t\t\t\t<span class=\"elementor-share-btn__title\">\n\t\t\t\t\t\t\t\t\t\tWhatsApp\t\t\t\t\t\t\t\t\t<\/span>\n\t\t\t\t\t\t\t\t\t\t\t\t\t\t\t\t\t<\/div>\n\t\t\t\t\t\t\t\t\t\t\t\t\t<\/div>\n\t\t\t\t\t<\/div>\n\t\t\t\t\t\t\t\t\t<div class=\"elementor-grid-item\" role=\"listitem\">\n\t\t\t\t\t\t<div class=\"elementor-share-btn elementor-share-btn_reddit\" role=\"button\" tabindex=\"0\" aria-label=\"Compartir en reddit\" data-no-translation-aria-label=\"\">\n\t\t\t\t\t\t\t\t\t\t\t\t\t\t\t<span class=\"elementor-share-btn__icon\">\n\t\t\t\t\t\t\t\t<i class=\"fab fa-reddit\" aria-hidden=\"true\"><\/i>\t\t\t\t\t\t\t<\/span>\n\t\t\t\t\t\t\t\t\t\t\t\t\t\t\t\t\t\t\t\t\t\t<div class=\"elementor-share-btn__text\">\n\t\t\t\t\t\t\t\t\t\t\t\t\t\t\t\t\t\t\t<span class=\"elementor-share-btn__title\">\n\t\t\t\t\t\t\t\t\t\tReddit\t\t\t\t\t\t\t\t\t<\/span>\n\t\t\t\t\t\t\t\t\t\t\t\t\t\t\t\t\t<\/div>\n\t\t\t\t\t\t\t\t\t\t\t\t\t<\/div>\n\t\t\t\t\t<\/div>\n\t\t\t\t\t\t\t\t\t<div class=\"elementor-grid-item\" role=\"listitem\">\n\t\t\t\t\t\t<div class=\"elementor-share-btn elementor-share-btn_vk\" role=\"button\" tabindex=\"0\" aria-label=\"Compartir en vk\" data-no-translation-aria-label=\"\">\n\t\t\t\t\t\t\t\t\t\t\t\t\t\t\t<span class=\"elementor-share-btn__icon\">\n\t\t\t\t\t\t\t\t<i class=\"fab fa-vk\" aria-hidden=\"true\"><\/i>\t\t\t\t\t\t\t<\/span>\n\t\t\t\t\t\t\t\t\t\t\t\t\t\t\t\t\t\t\t\t\t\t<div class=\"elementor-share-btn__text\">\n\t\t\t\t\t\t\t\t\t\t\t\t\t\t\t\t\t\t\t<span class=\"elementor-share-btn__title\">\n\t\t\t\t\t\t\t\t\t\tVK\t\t\t\t\t\t\t\t\t<\/span>\n\t\t\t\t\t\t\t\t\t\t\t\t\t\t\t\t\t<\/div>\n\t\t\t\t\t\t\t\t\t\t\t\t\t<\/div>\n\t\t\t\t\t<\/div>\n\t\t\t\t\t\t\t\t\t<div class=\"elementor-grid-item\" role=\"listitem\">\n\t\t\t\t\t\t<div class=\"elementor-share-btn elementor-share-btn_telegram\" role=\"button\" tabindex=\"0\" aria-label=\"Compartir en telegram\" data-no-translation-aria-label=\"\">\n\t\t\t\t\t\t\t\t\t\t\t\t\t\t\t<span class=\"elementor-share-btn__icon\">\n\t\t\t\t\t\t\t\t<i class=\"fab fa-telegram\" aria-hidden=\"true\"><\/i>\t\t\t\t\t\t\t<\/span>\n\t\t\t\t\t\t\t\t\t\t\t\t\t\t\t\t\t\t\t\t\t\t<div class=\"elementor-share-btn__text\">\n\t\t\t\t\t\t\t\t\t\t\t\t\t\t\t\t\t\t\t<span class=\"elementor-share-btn__title\">\n\t\t\t\t\t\t\t\t\t\tTelegramm\t\t\t\t\t\t\t\t\t<\/span>\n\t\t\t\t\t\t\t\t\t\t\t\t\t\t\t\t\t<\/div>\n\t\t\t\t\t\t\t\t\t\t\t\t\t<\/div>\n\t\t\t\t\t<\/div>\n\t\t\t\t\t\t<\/div>\n\t\t\t\t\t\t<\/div>\n\t\t\t\t<\/div>\n\t\t\t\t\t<\/div>\n\t\t<\/div>\n\t\t\t\t\t<\/div>\n\t\t<\/section>\n\t\t\t\t<\/div>","protected":false},"excerpt":{"rendered":"<p>Privacy Miramichat.net (&#8220;we,&#8221; &#8220;us,&#8221; or &#8220;our&#8221;) values and respects the privacy of its users (&#8220;you,&#8221; &#8220;your,&#8221; or &#8220;user&#8221;). This Privacy Policy outlines the types of information we collect, how we use it, and the measures we take to safeguard your personal information when you use our services. By accessing and using Miramichat.net, you agree to [&hellip;]<\/p>\n","protected":false},"author":1,"featured_media":0,"parent":0,"menu_order":0,"comment_status":"closed","ping_status":"closed","template":"elementor_header_footer","meta":{"footnotes":""},"class_list":["post-43","page","type-page","status-publish","hentry"],"yoast_head":"<!-- This site is optimized with the Yoast SEO plugin v25.6 - https:\/\/yoast.com\/wordpress\/plugins\/seo\/ -->\n<title>Privacy - Random Video Chat<\/title>\n<meta name=\"description\" content=\"Privacy is an Anonymous random video chat with over 5.000.000 strangers. No Sign-Up Required! Random video chat on Privacy.\" \/>\n<meta name=\"robots\" content=\"index, follow, max-snippet:-1, max-image-preview:large, max-video-preview:-1\" \/>\n<link rel=\"canonical\" href=\"https:\/\/miramichat.net\/de\/privacy\/\" \/>\n<meta property=\"og:locale\" content=\"de_DE\" \/>\n<meta property=\"og:type\" content=\"article\" \/>\n<meta property=\"og:title\" content=\"Privacy - Random Video Chat\" \/>\n<meta property=\"og:description\" content=\"Privacy is an Anonymous random video chat with over 5.000.000 strangers. No Sign-Up Required! Random video chat on Privacy.\" \/>\n<meta property=\"og:url\" content=\"https:\/\/miramichat.net\/de\/privacy\/\" \/>\n<meta property=\"og:site_name\" content=\"Mirami Chat\" \/>\n<meta property=\"article:modified_time\" content=\"2023-04-03T15:13:14+00:00\" \/>\n<meta name=\"twitter:card\" content=\"summary_large_image\" \/>\n<meta name=\"twitter:label1\" content=\"Gesch\u00e4tzte Lesezeit\" \/>\n\t<meta name=\"twitter:data1\" content=\"3\u00a0Minuten\" \/>\n<script type=\"application\/ld+json\" class=\"yoast-schema-graph\">{\"@context\":\"https:\/\/schema.org\",\"@graph\":[{\"@type\":\"WebPage\",\"@id\":\"https:\/\/miramichat.net\/privacy\/\",\"url\":\"https:\/\/miramichat.net\/privacy\/\",\"name\":\"Privacy - Random Video Chat\",\"isPartOf\":{\"@id\":\"https:\/\/miramichat.net\/#website\"},\"datePublished\":\"2020-04-08T21:06:52+00:00\",\"dateModified\":\"2023-04-03T15:13:14+00:00\",\"description\":\"Privacy is an Anonymous random video chat with over 5.000.000 strangers. No Sign-Up Required! Random video chat on Privacy.\",\"breadcrumb\":{\"@id\":\"https:\/\/miramichat.net\/privacy\/#breadcrumb\"},\"inLanguage\":\"de\",\"potentialAction\":[{\"@type\":\"ReadAction\",\"target\":[\"https:\/\/miramichat.net\/privacy\/\"]}]},{\"@type\":\"BreadcrumbList\",\"@id\":\"https:\/\/miramichat.net\/privacy\/#breadcrumb\",\"itemListElement\":[{\"@type\":\"ListItem\",\"position\":1,\"name\":\"Home\",\"item\":\"https:\/\/miramichat.net\/\"},{\"@type\":\"ListItem\",\"position\":2,\"name\":\"Privacy\"}]},{\"@type\":\"WebSite\",\"@id\":\"https:\/\/miramichat.net\/#website\",\"url\":\"https:\/\/miramichat.net\/\",\"name\":\"Mirami Chat\",\"description\":\"\",\"publisher\":{\"@id\":\"https:\/\/miramichat.net\/#organization\"},\"potentialAction\":[{\"@type\":\"SearchAction\",\"target\":{\"@type\":\"EntryPoint\",\"urlTemplate\":\"https:\/\/miramichat.net\/?s={search_term_string}\"},\"query-input\":{\"@type\":\"PropertyValueSpecification\",\"valueRequired\":true,\"valueName\":\"search_term_string\"}}],\"inLanguage\":\"de\"},{\"@type\":\"Organization\",\"@id\":\"https:\/\/miramichat.net\/#organization\",\"name\":\"Mirami Chat\",\"url\":\"https:\/\/miramichat.net\/\",\"logo\":{\"@type\":\"ImageObject\",\"inLanguage\":\"de\",\"@id\":\"https:\/\/miramichat.net\/#\/schema\/logo\/image\/\",\"url\":\"http:\/\/miramichat.net\/wp-content\/uploads\/2021\/01\/bazoocam2.png\",\"contentUrl\":\"http:\/\/miramichat.net\/wp-content\/uploads\/2021\/01\/bazoocam2.png\",\"width\":649,\"height\":64,\"caption\":\"Mirami Chat\"},\"image\":{\"@id\":\"https:\/\/miramichat.net\/#\/schema\/logo\/image\/\"}}]}<\/script>\n<!-- \/ Yoast SEO plugin. -->","yoast_head_json":{"title":"Datenschutz - Zuf\u00e4lliger Video-Chat","description":"Privacy ist ein anonymer, zuf\u00e4lliger Video-Chat mit \u00fcber 5.000.000 Fremden. Keine Anmeldung erforderlich! Zufalls-Videochat auf Privacy.","robots":{"index":"index","follow":"follow","max-snippet":"max-snippet:-1","max-image-preview":"max-image-preview:large","max-video-preview":"max-video-preview:-1"},"canonical":"https:\/\/miramichat.net\/de\/privacy\/","og_locale":"de_DE","og_type":"article","og_title":"Privacy - Random Video Chat","og_description":"Privacy is an Anonymous random video chat with over 5.000.000 strangers. No Sign-Up Required! Random video chat on Privacy.","og_url":"https:\/\/miramichat.net\/de\/privacy\/","og_site_name":"Mirami Chat","article_modified_time":"2023-04-03T15:13:14+00:00","twitter_card":"summary_large_image","twitter_misc":{"Gesch\u00e4tzte Lesezeit":"3\u00a0Minuten"},"schema":{"@context":"https:\/\/schema.org","@graph":[{"@type":"WebPage","@id":"https:\/\/miramichat.net\/privacy\/","url":"https:\/\/miramichat.net\/privacy\/","name":"Datenschutz - Zuf\u00e4lliger Video-Chat","isPartOf":{"@id":"https:\/\/miramichat.net\/#website"},"datePublished":"2020-04-08T21:06:52+00:00","dateModified":"2023-04-03T15:13:14+00:00","description":"Privacy ist ein anonymer, zuf\u00e4lliger Video-Chat mit \u00fcber 5.000.000 Fremden. Keine Anmeldung erforderlich! Zufalls-Videochat auf Privacy.","breadcrumb":{"@id":"https:\/\/miramichat.net\/privacy\/#breadcrumb"},"inLanguage":"de","potentialAction":[{"@type":"ReadAction","target":["https:\/\/miramichat.net\/privacy\/"]}]},{"@type":"BreadcrumbList","@id":"https:\/\/miramichat.net\/privacy\/#breadcrumb","itemListElement":[{"@type":"ListItem","position":1,"name":"Home","item":"https:\/\/miramichat.net\/"},{"@type":"ListItem","position":2,"name":"Privacy"}]},{"@type":"WebSite","@id":"https:\/\/miramichat.net\/#website","url":"https:\/\/miramichat.net\/","name":"Mirami Chat","description":"","publisher":{"@id":"https:\/\/miramichat.net\/#organization"},"potentialAction":[{"@type":"SearchAction","target":{"@type":"EntryPoint","urlTemplate":"https:\/\/miramichat.net\/?s={search_term_string}"},"query-input":{"@type":"PropertyValueSpecification","valueRequired":true,"valueName":"search_term_string"}}],"inLanguage":"de"},{"@type":"Organization","@id":"https:\/\/miramichat.net\/#organization","name":"Mirami Chat","url":"https:\/\/miramichat.net\/","logo":{"@type":"ImageObject","inLanguage":"de","@id":"https:\/\/miramichat.net\/#\/schema\/logo\/image\/","url":"http:\/\/miramichat.net\/wp-content\/uploads\/2021\/01\/bazoocam2.png","contentUrl":"http:\/\/miramichat.net\/wp-content\/uploads\/2021\/01\/bazoocam2.png","width":649,"height":64,"caption":"Mirami Chat"},"image":{"@id":"https:\/\/miramichat.net\/#\/schema\/logo\/image\/"}}]}},"_links":{"self":[{"href":"https:\/\/miramichat.net\/de\/wp-json\/wp\/v2\/pages\/43"}],"collection":[{"href":"https:\/\/miramichat.net\/de\/wp-json\/wp\/v2\/pages"}],"about":[{"href":"https:\/\/miramichat.net\/de\/wp-json\/wp\/v2\/types\/page"}],"author":[{"embeddable":true,"href":"https:\/\/miramichat.net\/de\/wp-json\/wp\/v2\/users\/1"}],"replies":[{"embeddable":true,"href":"https:\/\/miramichat.net\/de\/wp-json\/wp\/v2\/comments?post=43"}],"version-history":[{"count":10,"href":"https:\/\/miramichat.net\/de\/wp-json\/wp\/v2\/pages\/43\/revisions"}],"predecessor-version":[{"id":1934,"href":"https:\/\/miramichat.net\/de\/wp-json\/wp\/v2\/pages\/43\/revisions\/1934"}],"wp:attachment":[{"href":"https:\/\/miramichat.net\/de\/wp-json\/wp\/v2\/media?parent=43"}],"curies":[{"name":"wp","href":"https:\/\/api.w.org\/{rel}","templated":true}]}}