{"id":1935,"date":"2023-04-03T17:13:28","date_gmt":"2023-04-03T15:13:28","guid":{"rendered":"https:\/\/miramichat.net\/?page_id=1935"},"modified":"2023-04-03T17:18:17","modified_gmt":"2023-04-03T15:18:17","slug":"rules","status":"publish","type":"page","link":"https:\/\/miramichat.net\/fr\/regles\/","title":{"rendered":"R\u00e8gles"},"content":{"rendered":"<div data-elementor-type=\"wp-page\" data-elementor-id=\"1935\" class=\"elementor elementor-1935\" data-elementor-post-type=\"page\">\n\t\t\t\t\t\t<section class=\"elementor-section elementor-top-section elementor-element elementor-element-c015431 elementor-section-boxed elementor-section-height-default elementor-section-height-default\" data-id=\"c015431\" data-element_type=\"section\" data-e-type=\"section\">\n\t\t\t\t\t\t<div class=\"elementor-container elementor-column-gap-default\">\n\t\t\t\t\t<div class=\"elementor-column elementor-col-100 elementor-top-column elementor-element elementor-element-5777ce58\" data-id=\"5777ce58\" data-element_type=\"column\" data-e-type=\"column\">\n\t\t\t<div class=\"elementor-widget-wrap elementor-element-populated\">\n\t\t\t\t\t\t<div class=\"elementor-element elementor-element-4ec708c elementor-widget elementor-widget-heading\" data-id=\"4ec708c\" data-element_type=\"widget\" data-e-type=\"widget\" data-widget_type=\"heading.default\">\n\t\t\t\t<div class=\"elementor-widget-container\">\n\t\t\t\t\t<h1 class=\"elementor-heading-title elementor-size-default\">R\u00e8gles<\/h1>\t\t\t\t<\/div>\n\t\t\t\t<\/div>\n\t\t\t\t\t<\/div>\n\t\t<\/div>\n\t\t\t\t\t<\/div>\n\t\t<\/section>\n\t\t\t\t<section class=\"elementor-section elementor-top-section elementor-element elementor-element-7e9e8771 elementor-section-boxed elementor-section-height-default elementor-section-height-default\" data-id=\"7e9e8771\" data-element_type=\"section\" data-e-type=\"section\">\n\t\t\t\t\t\t<div class=\"elementor-container elementor-column-gap-default\">\n\t\t\t\t\t<div class=\"elementor-column elementor-col-100 elementor-top-column elementor-element elementor-element-347c8dbe\" data-id=\"347c8dbe\" data-element_type=\"column\" data-e-type=\"column\">\n\t\t\t<div class=\"elementor-widget-wrap elementor-element-populated\">\n\t\t\t\t\t\t<div class=\"elementor-element elementor-element-483fff84 elementor-widget elementor-widget-text-editor\" data-id=\"483fff84\" data-element_type=\"widget\" data-e-type=\"widget\" data-widget_type=\"text-editor.default\">\n\t\t\t\t<div class=\"elementor-widget-container\">\n\t\t\t\t\t\t\t\t\t<p>Bienvenue sur Miramichat.net ! Notre plateforme est con\u00e7ue pour cr\u00e9er un environnement s\u00fbr et agr\u00e9able permettant aux utilisateurs de participer \u00e0 des chats vid\u00e9o al\u00e9atoires avec des personnes du monde entier. Afin de garantir une exp\u00e9rience positive \u00e0 tous les utilisateurs, nous avons \u00e9tabli un ensemble de r\u00e8gles qui d\u00e9finissent un comportement et une conduite acceptables sur notre plateforme. En acc\u00e9dant \u00e0 Miramichat.net et en l'utilisant, vous acceptez de respecter ces r\u00e8gles.<\/p><h3>Soyez respectueux et poli<\/h3><p>Traitez tous les utilisateurs avec respect et courtoisie, comme vous aimeriez \u00eatre trait\u00e9. Engagez des conversations amicales et constructives et abstenez-vous d'utiliser un langage offensant, de prof\u00e9rer des menaces ou de vous livrer \u00e0 des actes de harc\u00e8lement ou d'intimidation.<\/p><h3>Pas de contenu inappropri\u00e9<\/h3><p>Le partage de contenu explicite, offensant ou autrement inappropri\u00e9 est strictement interdit sur Miramichat.net. Cela inclut, sans s'y limiter, la nudit\u00e9, les images ou vid\u00e9os explicites, la violence graphique ou les discours haineux. Les utilisateurs surpris \u00e0 partager de tels contenus seront bannis de la plateforme.<\/p><h3>Prot\u00e9gez votre vie priv\u00e9e<\/h3><p>Pour votre s\u00e9curit\u00e9, ne partagez pas d'informations personnelles sensibles, telles que votre nom complet, votre adresse, votre num\u00e9ro de t\u00e9l\u00e9phone ou vos donn\u00e9es financi\u00e8res, avec d'autres utilisateurs. Soyez prudent lorsque vous discutez de sujets personnels et n'oubliez pas que tout le monde sur la plateforme n'a pas forc\u00e9ment vos int\u00e9r\u00eats \u00e0 c\u0153ur.<\/p><h3>Pas de spam ni de publicit\u00e9<\/h3><p>La promotion de produits, de services ou de sites web et le partage de spams ou de messages non sollicit\u00e9s ne sont pas autoris\u00e9s sur Miramichat.net. Les utilisateurs qui se livrent \u00e0 de telles activit\u00e9s seront bannis de la plateforme.<\/p><h3>Pas d'usurpation d'identit\u00e9<\/h3><p>Il est strictement interdit d'usurper l'identit\u00e9 d'une autre personne, qu'il s'agisse d'un utilisateur ou d'un membre du personnel de Miramichat.net. Les utilisateurs qui se font passer pour d'autres personnes seront bannis de la plateforme.<\/p><h3>Restrictions d'\u00e2ge<\/h3><p>Miramichat.net est destin\u00e9 aux utilisateurs \u00e2g\u00e9s de 13 ans et plus. Les utilisateurs de moins de 13 ans ne sont pas autoris\u00e9s \u00e0 utiliser la plateforme. Si vous rencontrez un utilisateur qui semble \u00eatre mineur, veuillez le signaler \u00e0 nos mod\u00e9rateurs.<\/p><h3>Signaler une mauvaise conduite<\/h3><p>Si vous rencontrez un utilisateur qui enfreint ces r\u00e8gles ou qui a un comportement inappropri\u00e9, veuillez le signaler imm\u00e9diatement \u00e0 nos mod\u00e9rateurs. Vos signalements nous aident \u00e0 maintenir un environnement s\u00fbr et agr\u00e9able pour tous les utilisateurs.<\/p><p>Les violations de ces r\u00e8gles peuvent entra\u00eener des avertissements, des interdictions temporaires ou permanentes, ou d'autres actions \u00e0 la discr\u00e9tion des mod\u00e9rateurs et du personnel de Miramichat.net. Nous nous r\u00e9servons le droit de mettre \u00e0 jour ou de modifier ces r\u00e8gles \u00e0 tout moment afin de maintenir la s\u00e9curit\u00e9 et l'int\u00e9grit\u00e9 de notre plateforme. En continuant \u00e0 utiliser Miramichat.net, vous acceptez les modifications apport\u00e9es \u00e0 ces r\u00e8gles.<\/p><p>Merci de faire partie de la communaut\u00e9 Miramichat.net et de contribuer \u00e0 en faire un espace s\u00fbr et agr\u00e9able pour tous !<\/p>\t\t\t\t\t\t\t\t<\/div>\n\t\t\t\t<\/div>\n\t\t\t\t\t<\/div>\n\t\t<\/div>\n\t\t\t\t\t<\/div>\n\t\t<\/section>\n\t\t\t\t<section class=\"elementor-section elementor-top-section elementor-element elementor-element-4be22e02 elementor-section-boxed elementor-section-height-default elementor-section-height-default\" data-id=\"4be22e02\" data-element_type=\"section\" data-e-type=\"section\" data-settings=\"{&quot;background_background&quot;:&quot;classic&quot;}\">\n\t\t\t\t\t\t<div class=\"elementor-container elementor-column-gap-default\">\n\t\t\t\t\t<div class=\"elementor-column elementor-col-100 elementor-top-column elementor-element elementor-element-2c3c51e8\" data-id=\"2c3c51e8\" data-element_type=\"column\" data-e-type=\"column\">\n\t\t\t<div class=\"elementor-widget-wrap elementor-element-populated\">\n\t\t\t\t\t\t<div class=\"elementor-element elementor-element-abcb415 elementor-widget elementor-widget-heading\" data-id=\"abcb415\" data-element_type=\"widget\" data-e-type=\"widget\" data-widget_type=\"heading.default\">\n\t\t\t\t<div class=\"elementor-widget-container\">\n\t\t\t\t\t<h2 class=\"elementor-heading-title elementor-size-default\">Partagez le chat mirami avec vos amis<\/h2>\t\t\t\t<\/div>\n\t\t\t\t<\/div>\n\t\t\t\t<div class=\"elementor-element elementor-element-2eb8bd17 elementor-grid-mobile-1 elementor-share-buttons--view-icon-text elementor-share-buttons--skin-gradient elementor-share-buttons--shape-square elementor-grid-0 elementor-share-buttons--color-official elementor-widget elementor-widget-share-buttons\" data-id=\"2eb8bd17\" data-element_type=\"widget\" data-e-type=\"widget\" data-widget_type=\"share-buttons.default\">\n\t\t\t\t<div class=\"elementor-widget-container\">\n\t\t\t\t\t\t\t<div class=\"elementor-grid\" role=\"list\">\n\t\t\t\t\t\t\t\t<div class=\"elementor-grid-item\" role=\"listitem\">\n\t\t\t\t\t\t<div class=\"elementor-share-btn elementor-share-btn_facebook\" role=\"button\" tabindex=\"0\" aria-label=\"Condividi su facebook\" data-no-translation-aria-label=\"\">\n\t\t\t\t\t\t\t\t\t\t\t\t\t\t\t<span class=\"elementor-share-btn__icon\">\n\t\t\t\t\t\t\t\t<i class=\"fab fa-facebook\" aria-hidden=\"true\"><\/i>\t\t\t\t\t\t\t<\/span>\n\t\t\t\t\t\t\t\t\t\t\t\t\t\t\t\t\t\t\t\t\t\t<div class=\"elementor-share-btn__text\">\n\t\t\t\t\t\t\t\t\t\t\t\t\t\t\t\t\t\t\t<span class=\"elementor-share-btn__title\">\n\t\t\t\t\t\t\t\t\t\tFacebook\t\t\t\t\t\t\t\t\t<\/span>\n\t\t\t\t\t\t\t\t\t\t\t\t\t\t\t\t\t<\/div>\n\t\t\t\t\t\t\t\t\t\t\t\t\t<\/div>\n\t\t\t\t\t<\/div>\n\t\t\t\t\t\t\t\t\t<div class=\"elementor-grid-item\" role=\"listitem\">\n\t\t\t\t\t\t<div class=\"elementor-share-btn elementor-share-btn_twitter\" role=\"button\" tabindex=\"0\" aria-label=\"Condividi su twitter\" data-no-translation-aria-label=\"\">\n\t\t\t\t\t\t\t\t\t\t\t\t\t\t\t<span class=\"elementor-share-btn__icon\">\n\t\t\t\t\t\t\t\t<i class=\"fab fa-twitter\" aria-hidden=\"true\"><\/i>\t\t\t\t\t\t\t<\/span>\n\t\t\t\t\t\t\t\t\t\t\t\t\t\t\t\t\t\t\t\t\t\t<div class=\"elementor-share-btn__text\">\n\t\t\t\t\t\t\t\t\t\t\t\t\t\t\t\t\t\t\t<span class=\"elementor-share-btn__title\">\n\t\t\t\t\t\t\t\t\t\tTwitter\t\t\t\t\t\t\t\t\t<\/span>\n\t\t\t\t\t\t\t\t\t\t\t\t\t\t\t\t\t<\/div>\n\t\t\t\t\t\t\t\t\t\t\t\t\t<\/div>\n\t\t\t\t\t<\/div>\n\t\t\t\t\t\t\t\t\t<div class=\"elementor-grid-item\" role=\"listitem\">\n\t\t\t\t\t\t<div class=\"elementor-share-btn elementor-share-btn_whatsapp\" role=\"button\" tabindex=\"0\" aria-label=\"Condividi su whatsapp\" data-no-translation-aria-label=\"\">\n\t\t\t\t\t\t\t\t\t\t\t\t\t\t\t<span class=\"elementor-share-btn__icon\">\n\t\t\t\t\t\t\t\t<i class=\"fab fa-whatsapp\" aria-hidden=\"true\"><\/i>\t\t\t\t\t\t\t<\/span>\n\t\t\t\t\t\t\t\t\t\t\t\t\t\t\t\t\t\t\t\t\t\t<div class=\"elementor-share-btn__text\">\n\t\t\t\t\t\t\t\t\t\t\t\t\t\t\t\t\t\t\t<span class=\"elementor-share-btn__title\">\n\t\t\t\t\t\t\t\t\t\tWhatsApp\t\t\t\t\t\t\t\t\t<\/span>\n\t\t\t\t\t\t\t\t\t\t\t\t\t\t\t\t\t<\/div>\n\t\t\t\t\t\t\t\t\t\t\t\t\t<\/div>\n\t\t\t\t\t<\/div>\n\t\t\t\t\t\t\t\t\t<div class=\"elementor-grid-item\" role=\"listitem\">\n\t\t\t\t\t\t<div class=\"elementor-share-btn elementor-share-btn_reddit\" role=\"button\" tabindex=\"0\" aria-label=\"Condividi su reddit\" data-no-translation-aria-label=\"\">\n\t\t\t\t\t\t\t\t\t\t\t\t\t\t\t<span class=\"elementor-share-btn__icon\">\n\t\t\t\t\t\t\t\t<i class=\"fab fa-reddit\" aria-hidden=\"true\"><\/i>\t\t\t\t\t\t\t<\/span>\n\t\t\t\t\t\t\t\t\t\t\t\t\t\t\t\t\t\t\t\t\t\t<div class=\"elementor-share-btn__text\">\n\t\t\t\t\t\t\t\t\t\t\t\t\t\t\t\t\t\t\t<span class=\"elementor-share-btn__title\">\n\t\t\t\t\t\t\t\t\t\tReddit\t\t\t\t\t\t\t\t\t<\/span>\n\t\t\t\t\t\t\t\t\t\t\t\t\t\t\t\t\t<\/div>\n\t\t\t\t\t\t\t\t\t\t\t\t\t<\/div>\n\t\t\t\t\t<\/div>\n\t\t\t\t\t\t\t\t\t<div class=\"elementor-grid-item\" role=\"listitem\">\n\t\t\t\t\t\t<div class=\"elementor-share-btn elementor-share-btn_vk\" role=\"button\" tabindex=\"0\" aria-label=\"Condividi su vk\" data-no-translation-aria-label=\"\">\n\t\t\t\t\t\t\t\t\t\t\t\t\t\t\t<span class=\"elementor-share-btn__icon\">\n\t\t\t\t\t\t\t\t<i class=\"fab fa-vk\" aria-hidden=\"true\"><\/i>\t\t\t\t\t\t\t<\/span>\n\t\t\t\t\t\t\t\t\t\t\t\t\t\t\t\t\t\t\t\t\t\t<div class=\"elementor-share-btn__text\">\n\t\t\t\t\t\t\t\t\t\t\t\t\t\t\t\t\t\t\t<span class=\"elementor-share-btn__title\">\n\t\t\t\t\t\t\t\t\t\tVK\t\t\t\t\t\t\t\t\t<\/span>\n\t\t\t\t\t\t\t\t\t\t\t\t\t\t\t\t\t<\/div>\n\t\t\t\t\t\t\t\t\t\t\t\t\t<\/div>\n\t\t\t\t\t<\/div>\n\t\t\t\t\t\t\t\t\t<div class=\"elementor-grid-item\" role=\"listitem\">\n\t\t\t\t\t\t<div class=\"elementor-share-btn elementor-share-btn_telegram\" role=\"button\" tabindex=\"0\" aria-label=\"Condividi su telegram\" data-no-translation-aria-label=\"\">\n\t\t\t\t\t\t\t\t\t\t\t\t\t\t\t<span class=\"elementor-share-btn__icon\">\n\t\t\t\t\t\t\t\t<i class=\"fab fa-telegram\" aria-hidden=\"true\"><\/i>\t\t\t\t\t\t\t<\/span>\n\t\t\t\t\t\t\t\t\t\t\t\t\t\t\t\t\t\t\t\t\t\t<div class=\"elementor-share-btn__text\">\n\t\t\t\t\t\t\t\t\t\t\t\t\t\t\t\t\t\t\t<span class=\"elementor-share-btn__title\">\n\t\t\t\t\t\t\t\t\t\tT\u00e9l\u00e9gramme\t\t\t\t\t\t\t\t\t<\/span>\n\t\t\t\t\t\t\t\t\t\t\t\t\t\t\t\t\t<\/div>\n\t\t\t\t\t\t\t\t\t\t\t\t\t<\/div>\n\t\t\t\t\t<\/div>\n\t\t\t\t\t\t<\/div>\n\t\t\t\t\t\t<\/div>\n\t\t\t\t<\/div>\n\t\t\t\t\t<\/div>\n\t\t<\/div>\n\t\t\t\t\t<\/div>\n\t\t<\/section>\n\t\t\t\t<\/div>","protected":false},"excerpt":{"rendered":"<p>Rules Welcome to Miramichat.net! Our platform is designed to create a safe and enjoyable environment for users to engage in random video chats with people from around the world. To ensure a positive experience for all users, we have established a set of rules that outline acceptable behavior and conduct on our platform. By accessing [&hellip;]<\/p>\n","protected":false},"author":1,"featured_media":0,"parent":0,"menu_order":0,"comment_status":"closed","ping_status":"closed","template":"elementor_header_footer","meta":{"footnotes":""},"class_list":["post-1935","page","type-page","status-publish","hentry"],"yoast_head":"<!-- This site is optimized with the Yoast SEO plugin v25.6 - https:\/\/yoast.com\/wordpress\/plugins\/seo\/ -->\n<title>Rules - Random Video Chat<\/title>\n<meta name=\"description\" content=\"Rules is an Anonymous random video chat with over 5.000.000 strangers. No Sign-Up Required! Random video chat on Rules.\" \/>\n<meta name=\"robots\" content=\"index, follow, max-snippet:-1, max-image-preview:large, max-video-preview:-1\" \/>\n<link rel=\"canonical\" href=\"https:\/\/miramichat.net\/fr\/rules\/\" \/>\n<meta property=\"og:locale\" content=\"fr_FR\" \/>\n<meta property=\"og:type\" content=\"article\" \/>\n<meta property=\"og:title\" content=\"Rules - Random Video Chat\" \/>\n<meta property=\"og:description\" content=\"Rules is an Anonymous random video chat with over 5.000.000 strangers. No Sign-Up Required! Random video chat on Rules.\" \/>\n<meta property=\"og:url\" content=\"https:\/\/miramichat.net\/fr\/rules\/\" \/>\n<meta property=\"og:site_name\" content=\"Mirami Chat\" \/>\n<meta property=\"article:modified_time\" content=\"2023-04-03T15:18:17+00:00\" \/>\n<meta name=\"twitter:card\" content=\"summary_large_image\" \/>\n<meta name=\"twitter:label1\" content=\"Dur\u00e9e de lecture estim\u00e9e\" \/>\n\t<meta name=\"twitter:data1\" content=\"2 minutes\" \/>\n<script type=\"application\/ld+json\" class=\"yoast-schema-graph\">{\"@context\":\"https:\/\/schema.org\",\"@graph\":[{\"@type\":\"WebPage\",\"@id\":\"https:\/\/miramichat.net\/rules\/\",\"url\":\"https:\/\/miramichat.net\/rules\/\",\"name\":\"Rules - Random Video Chat\",\"isPartOf\":{\"@id\":\"https:\/\/miramichat.net\/#website\"},\"datePublished\":\"2023-04-03T15:13:28+00:00\",\"dateModified\":\"2023-04-03T15:18:17+00:00\",\"description\":\"Rules is an Anonymous random video chat with over 5.000.000 strangers. No Sign-Up Required! Random video chat on Rules.\",\"breadcrumb\":{\"@id\":\"https:\/\/miramichat.net\/rules\/#breadcrumb\"},\"inLanguage\":\"fr-FR\",\"potentialAction\":[{\"@type\":\"ReadAction\",\"target\":[\"https:\/\/miramichat.net\/rules\/\"]}]},{\"@type\":\"BreadcrumbList\",\"@id\":\"https:\/\/miramichat.net\/rules\/#breadcrumb\",\"itemListElement\":[{\"@type\":\"ListItem\",\"position\":1,\"name\":\"Home\",\"item\":\"https:\/\/miramichat.net\/\"},{\"@type\":\"ListItem\",\"position\":2,\"name\":\"Rules\"}]},{\"@type\":\"WebSite\",\"@id\":\"https:\/\/miramichat.net\/#website\",\"url\":\"https:\/\/miramichat.net\/\",\"name\":\"Mirami Chat\",\"description\":\"\",\"publisher\":{\"@id\":\"https:\/\/miramichat.net\/#organization\"},\"potentialAction\":[{\"@type\":\"SearchAction\",\"target\":{\"@type\":\"EntryPoint\",\"urlTemplate\":\"https:\/\/miramichat.net\/?s={search_term_string}\"},\"query-input\":{\"@type\":\"PropertyValueSpecification\",\"valueRequired\":true,\"valueName\":\"search_term_string\"}}],\"inLanguage\":\"fr-FR\"},{\"@type\":\"Organization\",\"@id\":\"https:\/\/miramichat.net\/#organization\",\"name\":\"Mirami Chat\",\"url\":\"https:\/\/miramichat.net\/\",\"logo\":{\"@type\":\"ImageObject\",\"inLanguage\":\"fr-FR\",\"@id\":\"https:\/\/miramichat.net\/#\/schema\/logo\/image\/\",\"url\":\"http:\/\/miramichat.net\/wp-content\/uploads\/2021\/01\/bazoocam2.png\",\"contentUrl\":\"http:\/\/miramichat.net\/wp-content\/uploads\/2021\/01\/bazoocam2.png\",\"width\":649,\"height\":64,\"caption\":\"Mirami Chat\"},\"image\":{\"@id\":\"https:\/\/miramichat.net\/#\/schema\/logo\/image\/\"}}]}<\/script>\n<!-- \/ Yoast SEO plugin. -->","yoast_head_json":{"title":"R\u00e8gles - Chat vid\u00e9o al\u00e9atoire","description":"Rules est un chat vid\u00e9o anonyme et al\u00e9atoire avec plus de 5 000 000 d'inconnus. Aucune inscription n'est requise ! Chat vid\u00e9o al\u00e9atoire sur Rules.","robots":{"index":"index","follow":"follow","max-snippet":"max-snippet:-1","max-image-preview":"max-image-preview:large","max-video-preview":"max-video-preview:-1"},"canonical":"https:\/\/miramichat.net\/fr\/rules\/","og_locale":"fr_FR","og_type":"article","og_title":"Rules - Random Video Chat","og_description":"Rules is an Anonymous random video chat with over 5.000.000 strangers. No Sign-Up Required! Random video chat on Rules.","og_url":"https:\/\/miramichat.net\/fr\/rules\/","og_site_name":"Mirami Chat","article_modified_time":"2023-04-03T15:18:17+00:00","twitter_card":"summary_large_image","twitter_misc":{"Dur\u00e9e de lecture estim\u00e9e":"2 minutes"},"schema":{"@context":"https:\/\/schema.org","@graph":[{"@type":"WebPage","@id":"https:\/\/miramichat.net\/rules\/","url":"https:\/\/miramichat.net\/rules\/","name":"R\u00e8gles - Chat vid\u00e9o al\u00e9atoire","isPartOf":{"@id":"https:\/\/miramichat.net\/#website"},"datePublished":"2023-04-03T15:13:28+00:00","dateModified":"2023-04-03T15:18:17+00:00","description":"Rules est un chat vid\u00e9o anonyme et al\u00e9atoire avec plus de 5 000 000 d'inconnus. Aucune inscription n'est requise ! Chat vid\u00e9o al\u00e9atoire sur Rules.","breadcrumb":{"@id":"https:\/\/miramichat.net\/rules\/#breadcrumb"},"inLanguage":"fr-FR","potentialAction":[{"@type":"ReadAction","target":["https:\/\/miramichat.net\/rules\/"]}]},{"@type":"BreadcrumbList","@id":"https:\/\/miramichat.net\/rules\/#breadcrumb","itemListElement":[{"@type":"ListItem","position":1,"name":"Home","item":"https:\/\/miramichat.net\/"},{"@type":"ListItem","position":2,"name":"Rules"}]},{"@type":"WebSite","@id":"https:\/\/miramichat.net\/#website","url":"https:\/\/miramichat.net\/","name":"Chat Mirami","description":"","publisher":{"@id":"https:\/\/miramichat.net\/#organization"},"potentialAction":[{"@type":"SearchAction","target":{"@type":"EntryPoint","urlTemplate":"https:\/\/miramichat.net\/?s={search_term_string}"},"query-input":{"@type":"PropertyValueSpecification","valueRequired":true,"valueName":"search_term_string"}}],"inLanguage":"fr-FR"},{"@type":"Organization","@id":"https:\/\/miramichat.net\/#organization","name":"Chat Mirami","url":"https:\/\/miramichat.net\/","logo":{"@type":"ImageObject","inLanguage":"fr-FR","@id":"https:\/\/miramichat.net\/#\/schema\/logo\/image\/","url":"http:\/\/miramichat.net\/wp-content\/uploads\/2021\/01\/bazoocam2.png","contentUrl":"http:\/\/miramichat.net\/wp-content\/uploads\/2021\/01\/bazoocam2.png","width":649,"height":64,"caption":"Mirami Chat"},"image":{"@id":"https:\/\/miramichat.net\/#\/schema\/logo\/image\/"}}]}},"_links":{"self":[{"href":"https:\/\/miramichat.net\/fr\/wp-json\/wp\/v2\/pages\/1935"}],"collection":[{"href":"https:\/\/miramichat.net\/fr\/wp-json\/wp\/v2\/pages"}],"about":[{"href":"https:\/\/miramichat.net\/fr\/wp-json\/wp\/v2\/types\/page"}],"author":[{"embeddable":true,"href":"https:\/\/miramichat.net\/fr\/wp-json\/wp\/v2\/users\/1"}],"replies":[{"embeddable":true,"href":"https:\/\/miramichat.net\/fr\/wp-json\/wp\/v2\/comments?post=1935"}],"version-history":[{"count":7,"href":"https:\/\/miramichat.net\/fr\/wp-json\/wp\/v2\/pages\/1935\/revisions"}],"predecessor-version":[{"id":1953,"href":"https:\/\/miramichat.net\/fr\/wp-json\/wp\/v2\/pages\/1935\/revisions\/1953"}],"wp:attachment":[{"href":"https:\/\/miramichat.net\/fr\/wp-json\/wp\/v2\/media?parent=1935"}],"curies":[{"name":"wp","href":"https:\/\/api.w.org\/{rel}","templated":true}]}}