{"id":43,"date":"2020-04-08T23:06:52","date_gmt":"2020-04-08T21:06:52","guid":{"rendered":"https:\/\/miramichat.net\/?page_id=43"},"modified":"2023-04-03T17:13:14","modified_gmt":"2023-04-03T15:13:14","slug":"privacy","status":"publish","type":"page","link":"https:\/\/miramichat.net\/fr\/vie-privee\/","title":{"rendered":"Vie priv\u00e9e"},"content":{"rendered":"<div data-elementor-type=\"wp-page\" data-elementor-id=\"43\" class=\"elementor elementor-43\" data-elementor-post-type=\"page\">\n\t\t\t\t\t\t<section class=\"elementor-section elementor-top-section elementor-element elementor-element-35af04a1 elementor-section-boxed elementor-section-height-default elementor-section-height-default\" data-id=\"35af04a1\" data-element_type=\"section\" data-e-type=\"section\">\n\t\t\t\t\t\t<div class=\"elementor-container elementor-column-gap-default\">\n\t\t\t\t\t<div class=\"elementor-column elementor-col-100 elementor-top-column elementor-element elementor-element-1064e177\" data-id=\"1064e177\" data-element_type=\"column\" data-e-type=\"column\">\n\t\t\t<div class=\"elementor-widget-wrap elementor-element-populated\">\n\t\t\t\t\t\t<div class=\"elementor-element elementor-element-34e636ff elementor-widget elementor-widget-heading\" data-id=\"34e636ff\" data-element_type=\"widget\" data-e-type=\"widget\" data-widget_type=\"heading.default\">\n\t\t\t\t<div class=\"elementor-widget-container\">\n\t\t\t\t\t<h1 class=\"elementor-heading-title elementor-size-default\">Vie priv\u00e9e<\/h1>\t\t\t\t<\/div>\n\t\t\t\t<\/div>\n\t\t\t\t\t<\/div>\n\t\t<\/div>\n\t\t\t\t\t<\/div>\n\t\t<\/section>\n\t\t\t\t<section class=\"elementor-section elementor-top-section elementor-element elementor-element-2c43ea8b elementor-section-boxed elementor-section-height-default elementor-section-height-default\" data-id=\"2c43ea8b\" data-element_type=\"section\" data-e-type=\"section\">\n\t\t\t\t\t\t<div class=\"elementor-container elementor-column-gap-default\">\n\t\t\t\t\t<div class=\"elementor-column elementor-col-100 elementor-top-column elementor-element elementor-element-6a75881f\" data-id=\"6a75881f\" data-element_type=\"column\" data-e-type=\"column\">\n\t\t\t<div class=\"elementor-widget-wrap elementor-element-populated\">\n\t\t\t\t\t\t<div class=\"elementor-element elementor-element-c53b83b elementor-widget elementor-widget-text-editor\" data-id=\"c53b83b\" data-element_type=\"widget\" data-e-type=\"widget\" data-widget_type=\"text-editor.default\">\n\t\t\t\t<div class=\"elementor-widget-container\">\n\t\t\t\t\t\t\t\t\t<p>Miramichat.net (\"nous\", \"notre\" ou \"nos\") appr\u00e9cie et respecte la vie priv\u00e9e de ses utilisateurs (\"vous\", \"votre\" ou \"utilisateur\"). La pr\u00e9sente politique de confidentialit\u00e9 d\u00e9crit les types d'informations que nous recueillons, la mani\u00e8re dont nous les utilisons et les mesures que nous prenons pour prot\u00e9ger vos informations personnelles lorsque vous utilisez nos services. En acc\u00e9dant \u00e0 Miramichat.net et en l'utilisant, vous acceptez les conditions de la pr\u00e9sente politique de confidentialit\u00e9.<\/p><h3>Informations collect\u00e9es<\/h3><p>Nous pouvons recueillir les types d'informations suivants aupr\u00e8s de nos utilisateurs :<\/p><p>a. Informations personnelles : Il s'agit des informations qui peuvent \u00eatre utilis\u00e9es pour vous identifier, telles que votre nom, votre adresse \u00e9lectronique et votre photo de profil. Nous ne recueillons ces informations que lorsque vous nous les fournissez volontairement, par exemple lorsque vous cr\u00e9ez un compte ou que vous nous contactez pour obtenir de l'aide.<\/p><p>b. Informations relatives \u00e0 l'utilisation : Nous recueillons automatiquement certaines informations sur la mani\u00e8re dont vous interagissez avec notre plateforme, notamment votre adresse IP, votre type de navigateur, votre syst\u00e8me d'exploitation, les pages visit\u00e9es et la dur\u00e9e de votre visite.<\/p><p>c. Cookies et technologies similaires : Nous utilisons des cookies et des technologies similaires pour am\u00e9liorer votre exp\u00e9rience d'utilisateur, m\u00e9moriser vos pr\u00e9f\u00e9rences et recueillir des donn\u00e9es d'utilisation globales.<\/p><h3>Comment nous utilisons vos informations<\/h3><p>Nous pouvons utiliser les informations que nous recueillons aux fins suivantes :<\/p><p>a. Fournir, maintenir et am\u00e9liorer nos services. b. Communiquer avec vous, r\u00e9pondre aux demandes et fournir une assistance \u00e0 la client\u00e8le. c. Personnaliser votre exp\u00e9rience d'utilisateur et fournir un contenu adapt\u00e9 \u00e0 vos int\u00e9r\u00eats. d. Surveiller et analyser l'utilisation de la plateforme et les tendances afin d'am\u00e9liorer nos services. e. D\u00e9tecter, pr\u00e9venir et traiter les probl\u00e8mes techniques et les menaces potentielles pour la s\u00e9curit\u00e9. f. Faire respecter nos conditions d'utilisation et se conformer \u00e0 nos obligations l\u00e9gales.<\/p><h3>Partage des informations<\/h3><p>Nous ne partagerons pas vos informations personnelles avec des tiers sans votre consentement explicite, sauf dans les circonstances suivantes :<\/p><p>a. Pour se conformer \u00e0 une obligation l\u00e9gale, telle qu'une d\u00e9cision de justice, une citation \u00e0 compara\u00eetre ou une demande d'application de la loi. b. Pour prot\u00e9ger la s\u00e9curit\u00e9, les droits ou la propri\u00e9t\u00e9 de Miramichat.net, de nos utilisateurs ou du public. c. Dans le cas d'une fusion, d'une acquisition ou d'une vente d'actifs, auquel cas vos informations peuvent \u00eatre transf\u00e9r\u00e9es \u00e0 l'entit\u00e9 acqu\u00e9reuse.<\/p><h3>Mesures de s\u00e9curit\u00e9<\/h3><p>Nous prenons au s\u00e9rieux la s\u00e9curit\u00e9 de vos informations personnelles et utilisons des mesures standard pour les prot\u00e9ger contre l'acc\u00e8s, la divulgation, l'alt\u00e9ration ou la destruction non autoris\u00e9s. Toutefois, aucune m\u00e9thode de transmission ou de stockage de donn\u00e9es en ligne n'est 100% s\u00fbre, et nous ne pouvons pas garantir la s\u00e9curit\u00e9 absolue de vos informations.<\/p><h3>Vie priv\u00e9e des enfants<\/h3><p>Miramichat.net n'est pas destin\u00e9 aux utilisateurs de moins de 13 ans. Nous ne recueillons pas sciemment d'informations personnelles aupr\u00e8s d'enfants de moins de 13 ans. Si nous apprenons qu'un enfant de moins de 13 ans nous a fourni des informations personnelles, nous prendrons les mesures n\u00e9cessaires pour supprimer ces informations et fermer le compte de l'enfant.<\/p><h3>Liens avec des tiers<\/h3><p>Notre plateforme peut contenir des liens vers des sites web et des services de tiers. Nous ne sommes pas responsables des pratiques de confidentialit\u00e9 ou du contenu de ces tiers. Nous vous encourageons \u00e0 consulter les politiques de confidentialit\u00e9 des sites web ou services tiers que vous visitez.<\/p><h3>Modifications de notre politique de confidentialit\u00e9<\/h3><p>Nous pouvons mettre \u00e0 jour notre politique de confidentialit\u00e9 de temps \u00e0 autre pour refl\u00e9ter les changements dans nos pratiques ou les lois applicables. Nous vous informerons de tout changement important en publiant la politique mise \u00e0 jour sur notre plateforme, ainsi que la date de la derni\u00e8re mise \u00e0 jour. En continuant \u00e0 utiliser Miramichat.net apr\u00e8s toute modification de notre politique de confidentialit\u00e9, vous acceptez la politique mise \u00e0 jour.<\/p><h3>Nous contacter<\/h3><p>Si vous avez des questions ou des pr\u00e9occupations concernant notre politique de confidentialit\u00e9 ou vos informations personnelles, veuillez nous contacter via notre page de contact.<\/p>\t\t\t\t\t\t\t\t<\/div>\n\t\t\t\t<\/div>\n\t\t\t\t\t<\/div>\n\t\t<\/div>\n\t\t\t\t\t<\/div>\n\t\t<\/section>\n\t\t\t\t<section class=\"elementor-section elementor-top-section elementor-element elementor-element-718e82cd elementor-section-boxed elementor-section-height-default elementor-section-height-default\" data-id=\"718e82cd\" data-element_type=\"section\" data-e-type=\"section\" data-settings=\"{&quot;background_background&quot;:&quot;classic&quot;}\">\n\t\t\t\t\t\t<div class=\"elementor-container elementor-column-gap-default\">\n\t\t\t\t\t<div class=\"elementor-column elementor-col-100 elementor-top-column elementor-element elementor-element-104ed8f\" data-id=\"104ed8f\" data-element_type=\"column\" data-e-type=\"column\">\n\t\t\t<div class=\"elementor-widget-wrap elementor-element-populated\">\n\t\t\t\t\t\t<div class=\"elementor-element elementor-element-2cfaa1bc elementor-widget elementor-widget-heading\" data-id=\"2cfaa1bc\" data-element_type=\"widget\" data-e-type=\"widget\" data-widget_type=\"heading.default\">\n\t\t\t\t<div class=\"elementor-widget-container\">\n\t\t\t\t\t<h2 class=\"elementor-heading-title elementor-size-default\">Partagez le chat mirami avec vos amis<\/h2>\t\t\t\t<\/div>\n\t\t\t\t<\/div>\n\t\t\t\t<div class=\"elementor-element elementor-element-6032c3fb elementor-grid-mobile-1 elementor-share-buttons--view-icon-text elementor-share-buttons--skin-gradient elementor-share-buttons--shape-square elementor-grid-0 elementor-share-buttons--color-official elementor-widget elementor-widget-share-buttons\" data-id=\"6032c3fb\" data-element_type=\"widget\" data-e-type=\"widget\" data-widget_type=\"share-buttons.default\">\n\t\t\t\t<div class=\"elementor-widget-container\">\n\t\t\t\t\t\t\t<div class=\"elementor-grid\" role=\"list\">\n\t\t\t\t\t\t\t\t<div class=\"elementor-grid-item\" role=\"listitem\">\n\t\t\t\t\t\t<div class=\"elementor-share-btn elementor-share-btn_facebook\" role=\"button\" tabindex=\"0\" aria-label=\"Partager sur facebook\">\n\t\t\t\t\t\t\t\t\t\t\t\t\t\t\t<span class=\"elementor-share-btn__icon\">\n\t\t\t\t\t\t\t\t<i class=\"fab fa-facebook\" aria-hidden=\"true\"><\/i>\t\t\t\t\t\t\t<\/span>\n\t\t\t\t\t\t\t\t\t\t\t\t\t\t\t\t\t\t\t\t\t\t<div class=\"elementor-share-btn__text\">\n\t\t\t\t\t\t\t\t\t\t\t\t\t\t\t\t\t\t\t<span class=\"elementor-share-btn__title\">\n\t\t\t\t\t\t\t\t\t\tFacebook\t\t\t\t\t\t\t\t\t<\/span>\n\t\t\t\t\t\t\t\t\t\t\t\t\t\t\t\t\t<\/div>\n\t\t\t\t\t\t\t\t\t\t\t\t\t<\/div>\n\t\t\t\t\t<\/div>\n\t\t\t\t\t\t\t\t\t<div class=\"elementor-grid-item\" role=\"listitem\">\n\t\t\t\t\t\t<div class=\"elementor-share-btn elementor-share-btn_twitter\" role=\"button\" tabindex=\"0\" aria-label=\"Partager sur twitter\">\n\t\t\t\t\t\t\t\t\t\t\t\t\t\t\t<span class=\"elementor-share-btn__icon\">\n\t\t\t\t\t\t\t\t<i class=\"fab fa-twitter\" aria-hidden=\"true\"><\/i>\t\t\t\t\t\t\t<\/span>\n\t\t\t\t\t\t\t\t\t\t\t\t\t\t\t\t\t\t\t\t\t\t<div class=\"elementor-share-btn__text\">\n\t\t\t\t\t\t\t\t\t\t\t\t\t\t\t\t\t\t\t<span class=\"elementor-share-btn__title\">\n\t\t\t\t\t\t\t\t\t\tTwitter\t\t\t\t\t\t\t\t\t<\/span>\n\t\t\t\t\t\t\t\t\t\t\t\t\t\t\t\t\t<\/div>\n\t\t\t\t\t\t\t\t\t\t\t\t\t<\/div>\n\t\t\t\t\t<\/div>\n\t\t\t\t\t\t\t\t\t<div class=\"elementor-grid-item\" role=\"listitem\">\n\t\t\t\t\t\t<div class=\"elementor-share-btn elementor-share-btn_whatsapp\" role=\"button\" tabindex=\"0\" aria-label=\"Partager sur whatsapp\">\n\t\t\t\t\t\t\t\t\t\t\t\t\t\t\t<span class=\"elementor-share-btn__icon\">\n\t\t\t\t\t\t\t\t<i class=\"fab fa-whatsapp\" aria-hidden=\"true\"><\/i>\t\t\t\t\t\t\t<\/span>\n\t\t\t\t\t\t\t\t\t\t\t\t\t\t\t\t\t\t\t\t\t\t<div class=\"elementor-share-btn__text\">\n\t\t\t\t\t\t\t\t\t\t\t\t\t\t\t\t\t\t\t<span class=\"elementor-share-btn__title\">\n\t\t\t\t\t\t\t\t\t\tWhatsApp\t\t\t\t\t\t\t\t\t<\/span>\n\t\t\t\t\t\t\t\t\t\t\t\t\t\t\t\t\t<\/div>\n\t\t\t\t\t\t\t\t\t\t\t\t\t<\/div>\n\t\t\t\t\t<\/div>\n\t\t\t\t\t\t\t\t\t<div class=\"elementor-grid-item\" role=\"listitem\">\n\t\t\t\t\t\t<div class=\"elementor-share-btn elementor-share-btn_reddit\" role=\"button\" tabindex=\"0\" aria-label=\"Partager sur reddit\">\n\t\t\t\t\t\t\t\t\t\t\t\t\t\t\t<span class=\"elementor-share-btn__icon\">\n\t\t\t\t\t\t\t\t<i class=\"fab fa-reddit\" aria-hidden=\"true\"><\/i>\t\t\t\t\t\t\t<\/span>\n\t\t\t\t\t\t\t\t\t\t\t\t\t\t\t\t\t\t\t\t\t\t<div class=\"elementor-share-btn__text\">\n\t\t\t\t\t\t\t\t\t\t\t\t\t\t\t\t\t\t\t<span class=\"elementor-share-btn__title\">\n\t\t\t\t\t\t\t\t\t\tReddit\t\t\t\t\t\t\t\t\t<\/span>\n\t\t\t\t\t\t\t\t\t\t\t\t\t\t\t\t\t<\/div>\n\t\t\t\t\t\t\t\t\t\t\t\t\t<\/div>\n\t\t\t\t\t<\/div>\n\t\t\t\t\t\t\t\t\t<div class=\"elementor-grid-item\" role=\"listitem\">\n\t\t\t\t\t\t<div class=\"elementor-share-btn elementor-share-btn_vk\" role=\"button\" tabindex=\"0\" aria-label=\"Partager sur vk\">\n\t\t\t\t\t\t\t\t\t\t\t\t\t\t\t<span class=\"elementor-share-btn__icon\">\n\t\t\t\t\t\t\t\t<i class=\"fab fa-vk\" aria-hidden=\"true\"><\/i>\t\t\t\t\t\t\t<\/span>\n\t\t\t\t\t\t\t\t\t\t\t\t\t\t\t\t\t\t\t\t\t\t<div class=\"elementor-share-btn__text\">\n\t\t\t\t\t\t\t\t\t\t\t\t\t\t\t\t\t\t\t<span class=\"elementor-share-btn__title\">\n\t\t\t\t\t\t\t\t\t\tVK\t\t\t\t\t\t\t\t\t<\/span>\n\t\t\t\t\t\t\t\t\t\t\t\t\t\t\t\t\t<\/div>\n\t\t\t\t\t\t\t\t\t\t\t\t\t<\/div>\n\t\t\t\t\t<\/div>\n\t\t\t\t\t\t\t\t\t<div class=\"elementor-grid-item\" role=\"listitem\">\n\t\t\t\t\t\t<div class=\"elementor-share-btn elementor-share-btn_telegram\" role=\"button\" tabindex=\"0\" aria-label=\"Partager sur le t\u00e9l\u00e9gramme\">\n\t\t\t\t\t\t\t\t\t\t\t\t\t\t\t<span class=\"elementor-share-btn__icon\">\n\t\t\t\t\t\t\t\t<i class=\"fab fa-telegram\" aria-hidden=\"true\"><\/i>\t\t\t\t\t\t\t<\/span>\n\t\t\t\t\t\t\t\t\t\t\t\t\t\t\t\t\t\t\t\t\t\t<div class=\"elementor-share-btn__text\">\n\t\t\t\t\t\t\t\t\t\t\t\t\t\t\t\t\t\t\t<span class=\"elementor-share-btn__title\">\n\t\t\t\t\t\t\t\t\t\tT\u00e9l\u00e9gramme\t\t\t\t\t\t\t\t\t<\/span>\n\t\t\t\t\t\t\t\t\t\t\t\t\t\t\t\t\t<\/div>\n\t\t\t\t\t\t\t\t\t\t\t\t\t<\/div>\n\t\t\t\t\t<\/div>\n\t\t\t\t\t\t<\/div>\n\t\t\t\t\t\t<\/div>\n\t\t\t\t<\/div>\n\t\t\t\t\t<\/div>\n\t\t<\/div>\n\t\t\t\t\t<\/div>\n\t\t<\/section>\n\t\t\t\t<\/div>","protected":false},"excerpt":{"rendered":"<p>Privacy Miramichat.net (&#8220;we,&#8221; &#8220;us,&#8221; or &#8220;our&#8221;) values and respects the privacy of its users (&#8220;you,&#8221; &#8220;your,&#8221; or &#8220;user&#8221;). This Privacy Policy outlines the types of information we collect, how we use it, and the measures we take to safeguard your personal information when you use our services. By accessing and using Miramichat.net, you agree to [&hellip;]<\/p>\n","protected":false},"author":1,"featured_media":0,"parent":0,"menu_order":0,"comment_status":"closed","ping_status":"closed","template":"elementor_header_footer","meta":{"footnotes":""},"class_list":["post-43","page","type-page","status-publish","hentry"],"yoast_head":"<!-- This site is optimized with the Yoast SEO plugin v25.6 - https:\/\/yoast.com\/wordpress\/plugins\/seo\/ -->\n<title>Privacy - Random Video Chat<\/title>\n<meta name=\"description\" content=\"Privacy is an Anonymous random video chat with over 5.000.000 strangers. No Sign-Up Required! Random video chat on Privacy.\" \/>\n<meta name=\"robots\" content=\"index, follow, max-snippet:-1, max-image-preview:large, max-video-preview:-1\" \/>\n<link rel=\"canonical\" href=\"https:\/\/miramichat.net\/fr\/privacy\/\" \/>\n<meta property=\"og:locale\" content=\"fr_FR\" \/>\n<meta property=\"og:type\" content=\"article\" \/>\n<meta property=\"og:title\" content=\"Privacy - Random Video Chat\" \/>\n<meta property=\"og:description\" content=\"Privacy is an Anonymous random video chat with over 5.000.000 strangers. No Sign-Up Required! Random video chat on Privacy.\" \/>\n<meta property=\"og:url\" content=\"https:\/\/miramichat.net\/fr\/privacy\/\" \/>\n<meta property=\"og:site_name\" content=\"Mirami Chat\" \/>\n<meta property=\"article:modified_time\" content=\"2023-04-03T15:13:14+00:00\" \/>\n<meta name=\"twitter:card\" content=\"summary_large_image\" \/>\n<meta name=\"twitter:label1\" content=\"Dur\u00e9e de lecture estim\u00e9e\" \/>\n\t<meta name=\"twitter:data1\" content=\"3 minutes\" \/>\n<script type=\"application\/ld+json\" class=\"yoast-schema-graph\">{\"@context\":\"https:\/\/schema.org\",\"@graph\":[{\"@type\":\"WebPage\",\"@id\":\"https:\/\/miramichat.net\/privacy\/\",\"url\":\"https:\/\/miramichat.net\/privacy\/\",\"name\":\"Privacy - Random Video Chat\",\"isPartOf\":{\"@id\":\"https:\/\/miramichat.net\/#website\"},\"datePublished\":\"2020-04-08T21:06:52+00:00\",\"dateModified\":\"2023-04-03T15:13:14+00:00\",\"description\":\"Privacy is an Anonymous random video chat with over 5.000.000 strangers. No Sign-Up Required! Random video chat on Privacy.\",\"breadcrumb\":{\"@id\":\"https:\/\/miramichat.net\/privacy\/#breadcrumb\"},\"inLanguage\":\"fr-FR\",\"potentialAction\":[{\"@type\":\"ReadAction\",\"target\":[\"https:\/\/miramichat.net\/privacy\/\"]}]},{\"@type\":\"BreadcrumbList\",\"@id\":\"https:\/\/miramichat.net\/privacy\/#breadcrumb\",\"itemListElement\":[{\"@type\":\"ListItem\",\"position\":1,\"name\":\"Home\",\"item\":\"https:\/\/miramichat.net\/\"},{\"@type\":\"ListItem\",\"position\":2,\"name\":\"Privacy\"}]},{\"@type\":\"WebSite\",\"@id\":\"https:\/\/miramichat.net\/#website\",\"url\":\"https:\/\/miramichat.net\/\",\"name\":\"Mirami Chat\",\"description\":\"\",\"publisher\":{\"@id\":\"https:\/\/miramichat.net\/#organization\"},\"potentialAction\":[{\"@type\":\"SearchAction\",\"target\":{\"@type\":\"EntryPoint\",\"urlTemplate\":\"https:\/\/miramichat.net\/?s={search_term_string}\"},\"query-input\":{\"@type\":\"PropertyValueSpecification\",\"valueRequired\":true,\"valueName\":\"search_term_string\"}}],\"inLanguage\":\"fr-FR\"},{\"@type\":\"Organization\",\"@id\":\"https:\/\/miramichat.net\/#organization\",\"name\":\"Mirami Chat\",\"url\":\"https:\/\/miramichat.net\/\",\"logo\":{\"@type\":\"ImageObject\",\"inLanguage\":\"fr-FR\",\"@id\":\"https:\/\/miramichat.net\/#\/schema\/logo\/image\/\",\"url\":\"http:\/\/miramichat.net\/wp-content\/uploads\/2021\/01\/bazoocam2.png\",\"contentUrl\":\"http:\/\/miramichat.net\/wp-content\/uploads\/2021\/01\/bazoocam2.png\",\"width\":649,\"height\":64,\"caption\":\"Mirami Chat\"},\"image\":{\"@id\":\"https:\/\/miramichat.net\/#\/schema\/logo\/image\/\"}}]}<\/script>\n<!-- \/ Yoast SEO plugin. -->","yoast_head_json":{"title":"Vie priv\u00e9e - Chat vid\u00e9o al\u00e9atoire","description":"Privacy est un chat vid\u00e9o anonyme et al\u00e9atoire avec plus de 5 000 000 d'inconnus. Aucune inscription n'est requise ! Chat vid\u00e9o al\u00e9atoire sur Privacy.","robots":{"index":"index","follow":"follow","max-snippet":"max-snippet:-1","max-image-preview":"max-image-preview:large","max-video-preview":"max-video-preview:-1"},"canonical":"https:\/\/miramichat.net\/fr\/privacy\/","og_locale":"fr_FR","og_type":"article","og_title":"Privacy - Random Video Chat","og_description":"Privacy is an Anonymous random video chat with over 5.000.000 strangers. No Sign-Up Required! Random video chat on Privacy.","og_url":"https:\/\/miramichat.net\/fr\/privacy\/","og_site_name":"Mirami Chat","article_modified_time":"2023-04-03T15:13:14+00:00","twitter_card":"summary_large_image","twitter_misc":{"Dur\u00e9e de lecture estim\u00e9e":"3 minutes"},"schema":{"@context":"https:\/\/schema.org","@graph":[{"@type":"WebPage","@id":"https:\/\/miramichat.net\/privacy\/","url":"https:\/\/miramichat.net\/privacy\/","name":"Vie priv\u00e9e - Chat vid\u00e9o al\u00e9atoire","isPartOf":{"@id":"https:\/\/miramichat.net\/#website"},"datePublished":"2020-04-08T21:06:52+00:00","dateModified":"2023-04-03T15:13:14+00:00","description":"Privacy est un chat vid\u00e9o anonyme et al\u00e9atoire avec plus de 5 000 000 d'inconnus. Aucune inscription n'est requise ! Chat vid\u00e9o al\u00e9atoire sur Privacy.","breadcrumb":{"@id":"https:\/\/miramichat.net\/privacy\/#breadcrumb"},"inLanguage":"fr-FR","potentialAction":[{"@type":"ReadAction","target":["https:\/\/miramichat.net\/privacy\/"]}]},{"@type":"BreadcrumbList","@id":"https:\/\/miramichat.net\/privacy\/#breadcrumb","itemListElement":[{"@type":"ListItem","position":1,"name":"Home","item":"https:\/\/miramichat.net\/"},{"@type":"ListItem","position":2,"name":"Privacy"}]},{"@type":"WebSite","@id":"https:\/\/miramichat.net\/#website","url":"https:\/\/miramichat.net\/","name":"Chat Mirami","description":"","publisher":{"@id":"https:\/\/miramichat.net\/#organization"},"potentialAction":[{"@type":"SearchAction","target":{"@type":"EntryPoint","urlTemplate":"https:\/\/miramichat.net\/?s={search_term_string}"},"query-input":{"@type":"PropertyValueSpecification","valueRequired":true,"valueName":"search_term_string"}}],"inLanguage":"fr-FR"},{"@type":"Organization","@id":"https:\/\/miramichat.net\/#organization","name":"Chat Mirami","url":"https:\/\/miramichat.net\/","logo":{"@type":"ImageObject","inLanguage":"fr-FR","@id":"https:\/\/miramichat.net\/#\/schema\/logo\/image\/","url":"http:\/\/miramichat.net\/wp-content\/uploads\/2021\/01\/bazoocam2.png","contentUrl":"http:\/\/miramichat.net\/wp-content\/uploads\/2021\/01\/bazoocam2.png","width":649,"height":64,"caption":"Mirami Chat"},"image":{"@id":"https:\/\/miramichat.net\/#\/schema\/logo\/image\/"}}]}},"_links":{"self":[{"href":"https:\/\/miramichat.net\/fr\/wp-json\/wp\/v2\/pages\/43"}],"collection":[{"href":"https:\/\/miramichat.net\/fr\/wp-json\/wp\/v2\/pages"}],"about":[{"href":"https:\/\/miramichat.net\/fr\/wp-json\/wp\/v2\/types\/page"}],"author":[{"embeddable":true,"href":"https:\/\/miramichat.net\/fr\/wp-json\/wp\/v2\/users\/1"}],"replies":[{"embeddable":true,"href":"https:\/\/miramichat.net\/fr\/wp-json\/wp\/v2\/comments?post=43"}],"version-history":[{"count":10,"href":"https:\/\/miramichat.net\/fr\/wp-json\/wp\/v2\/pages\/43\/revisions"}],"predecessor-version":[{"id":1934,"href":"https:\/\/miramichat.net\/fr\/wp-json\/wp\/v2\/pages\/43\/revisions\/1934"}],"wp:attachment":[{"href":"https:\/\/miramichat.net\/fr\/wp-json\/wp\/v2\/media?parent=43"}],"curies":[{"name":"wp","href":"https:\/\/api.w.org\/{rel}","templated":true}]}}