{"id":1935,"date":"2023-04-03T17:13:28","date_gmt":"2023-04-03T15:13:28","guid":{"rendered":"https:\/\/miramichat.net\/?page_id=1935"},"modified":"2023-04-03T17:18:17","modified_gmt":"2023-04-03T15:18:17","slug":"rules","status":"publish","type":"page","link":"https:\/\/miramichat.net\/it\/regole\/","title":{"rendered":"Regole"},"content":{"rendered":"<div data-elementor-type=\"wp-page\" data-elementor-id=\"1935\" class=\"elementor elementor-1935\" data-elementor-post-type=\"page\">\n\t\t\t\t\t\t<section class=\"elementor-section elementor-top-section elementor-element elementor-element-c015431 elementor-section-boxed elementor-section-height-default elementor-section-height-default\" data-id=\"c015431\" data-element_type=\"section\" data-e-type=\"section\">\n\t\t\t\t\t\t<div class=\"elementor-container elementor-column-gap-default\">\n\t\t\t\t\t<div class=\"elementor-column elementor-col-100 elementor-top-column elementor-element elementor-element-5777ce58\" data-id=\"5777ce58\" data-element_type=\"column\" data-e-type=\"column\">\n\t\t\t<div class=\"elementor-widget-wrap elementor-element-populated\">\n\t\t\t\t\t\t<div class=\"elementor-element elementor-element-4ec708c elementor-widget elementor-widget-heading\" data-id=\"4ec708c\" data-element_type=\"widget\" data-e-type=\"widget\" data-widget_type=\"heading.default\">\n\t\t\t\t<div class=\"elementor-widget-container\">\n\t\t\t\t\t<h1 class=\"elementor-heading-title elementor-size-default\">Regole<\/h1>\t\t\t\t<\/div>\n\t\t\t\t<\/div>\n\t\t\t\t\t<\/div>\n\t\t<\/div>\n\t\t\t\t\t<\/div>\n\t\t<\/section>\n\t\t\t\t<section class=\"elementor-section elementor-top-section elementor-element elementor-element-7e9e8771 elementor-section-boxed elementor-section-height-default elementor-section-height-default\" data-id=\"7e9e8771\" data-element_type=\"section\" data-e-type=\"section\">\n\t\t\t\t\t\t<div class=\"elementor-container elementor-column-gap-default\">\n\t\t\t\t\t<div class=\"elementor-column elementor-col-100 elementor-top-column elementor-element elementor-element-347c8dbe\" data-id=\"347c8dbe\" data-element_type=\"column\" data-e-type=\"column\">\n\t\t\t<div class=\"elementor-widget-wrap elementor-element-populated\">\n\t\t\t\t\t\t<div class=\"elementor-element elementor-element-483fff84 elementor-widget elementor-widget-text-editor\" data-id=\"483fff84\" data-element_type=\"widget\" data-e-type=\"widget\" data-widget_type=\"text-editor.default\">\n\t\t\t\t<div class=\"elementor-widget-container\">\n\t\t\t\t\t\t\t\t\t<p>Benvenuti su Miramichat.net! La nostra piattaforma \u00e8 stata progettata per creare un ambiente sicuro e divertente per gli utenti che desiderano partecipare a chat video casuali con persone di tutto il mondo. Per garantire un'esperienza positiva a tutti gli utenti, abbiamo stabilito una serie di regole che delineano il comportamento e la condotta accettabili sulla nostra piattaforma. Accedendo e utilizzando Miramichat.net, l'utente accetta di rispettare queste regole.<\/p><h3>Siate rispettosi ed educati<\/h3><p>Trattate tutti gli utenti con rispetto e cortesia, proprio come vorreste essere trattati voi. Impegnatevi in conversazioni amichevoli e significative e astenetevi dall'usare un linguaggio offensivo, dal minacciare o dall'impegnarvi in molestie o bullismo.<\/p><h3>Nessun contenuto inappropriato<\/h3><p>La condivisione di contenuti espliciti, offensivi o altrimenti inappropriati \u00e8 severamente vietata su Miramichat.net. Ci\u00f2 include, ma non si limita a, nudit\u00e0, immagini o video espliciti, violenza grafica o incitamento all'odio. Gli utenti trovati a condividere tali contenuti saranno banditi dalla piattaforma.<\/p><h3>Proteggere la privacy<\/h3><p>Per la vostra sicurezza, non condividete con altri utenti informazioni personali sensibili, come nome e cognome, indirizzo, numero di telefono o dettagli finanziari. Siate prudenti quando discutete di questioni personali e ricordate che non tutti sulla piattaforma possono avere a cuore i vostri interessi.<\/p><h3>Niente spam o pubblicit\u00e0<\/h3><p>La promozione di prodotti, servizi o siti web e la condivisione di messaggi di spam o non richiesti non sono consentiti su Miramichat.net. Gli utenti che si impegnano in tali attivit\u00e0 saranno banditi dalla piattaforma.<\/p><h3>Nessuna impersonificazione<\/h3><p>Impersonare un'altra persona, sia essa un utente o un membro dello staff di Miramichat.net, \u00e8 severamente vietato. Gli utenti che si spacciano per altri saranno banditi dalla piattaforma.<\/p><h3>Limiti di et\u00e0<\/h3><p>Miramichat.net \u00e8 destinato agli utenti di et\u00e0 pari o superiore ai 13 anni. Gli utenti di et\u00e0 inferiore ai 13 anni non sono ammessi sulla piattaforma. Se si incontra un utente che sembra essere minorenne, si prega di segnalarlo ai nostri moderatori.<\/p><h3>Segnalare una cattiva condotta<\/h3><p>Se incontrate un utente che viola queste regole o si comporta in modo inappropriato, segnalatelo immediatamente ai nostri moderatori. Le vostre segnalazioni ci aiutano a mantenere un ambiente sicuro e piacevole per tutti gli utenti.<\/p><p>Le violazioni di queste regole possono comportare avvertimenti, ban temporanei o permanenti o altre azioni a discrezione dei moderatori e dello staff di Miramichat.net. Ci riserviamo il diritto di aggiornare o modificare queste regole in qualsiasi momento per mantenere la sicurezza e l'integrit\u00e0 della nostra piattaforma. L'uso continuato di Miramichat.net implica l'accettazione di qualsiasi modifica a queste regole.<\/p><p>Grazie per essere parte della comunit\u00e0 di Miramichat.net e per aver fatto la tua parte per renderla uno spazio sicuro e piacevole per tutti!<\/p>\t\t\t\t\t\t\t\t<\/div>\n\t\t\t\t<\/div>\n\t\t\t\t\t<\/div>\n\t\t<\/div>\n\t\t\t\t\t<\/div>\n\t\t<\/section>\n\t\t\t\t<section class=\"elementor-section elementor-top-section elementor-element elementor-element-4be22e02 elementor-section-boxed elementor-section-height-default elementor-section-height-default\" data-id=\"4be22e02\" data-element_type=\"section\" data-e-type=\"section\" data-settings=\"{&quot;background_background&quot;:&quot;classic&quot;}\">\n\t\t\t\t\t\t<div class=\"elementor-container elementor-column-gap-default\">\n\t\t\t\t\t<div class=\"elementor-column elementor-col-100 elementor-top-column elementor-element elementor-element-2c3c51e8\" data-id=\"2c3c51e8\" data-element_type=\"column\" data-e-type=\"column\">\n\t\t\t<div class=\"elementor-widget-wrap elementor-element-populated\">\n\t\t\t\t\t\t<div class=\"elementor-element elementor-element-abcb415 elementor-widget elementor-widget-heading\" data-id=\"abcb415\" data-element_type=\"widget\" data-e-type=\"widget\" data-widget_type=\"heading.default\">\n\t\t\t\t<div class=\"elementor-widget-container\">\n\t\t\t\t\t<h2 class=\"elementor-heading-title elementor-size-default\">Condividi la chat mirami con i tuoi amici<\/h2>\t\t\t\t<\/div>\n\t\t\t\t<\/div>\n\t\t\t\t<div class=\"elementor-element elementor-element-2eb8bd17 elementor-grid-mobile-1 elementor-share-buttons--view-icon-text elementor-share-buttons--skin-gradient elementor-share-buttons--shape-square elementor-grid-0 elementor-share-buttons--color-official elementor-widget elementor-widget-share-buttons\" data-id=\"2eb8bd17\" data-element_type=\"widget\" data-e-type=\"widget\" data-widget_type=\"share-buttons.default\">\n\t\t\t\t<div class=\"elementor-widget-container\">\n\t\t\t\t\t\t\t<div class=\"elementor-grid\" role=\"list\">\n\t\t\t\t\t\t\t\t<div class=\"elementor-grid-item\" role=\"listitem\">\n\t\t\t\t\t\t<div class=\"elementor-share-btn elementor-share-btn_facebook\" role=\"button\" tabindex=\"0\" aria-label=\"Condividi su facebook\" data-no-translation-aria-label=\"\">\n\t\t\t\t\t\t\t\t\t\t\t\t\t\t\t<span class=\"elementor-share-btn__icon\">\n\t\t\t\t\t\t\t\t<i class=\"fab fa-facebook\" aria-hidden=\"true\"><\/i>\t\t\t\t\t\t\t<\/span>\n\t\t\t\t\t\t\t\t\t\t\t\t\t\t\t\t\t\t\t\t\t\t<div class=\"elementor-share-btn__text\">\n\t\t\t\t\t\t\t\t\t\t\t\t\t\t\t\t\t\t\t<span class=\"elementor-share-btn__title\">\n\t\t\t\t\t\t\t\t\t\tFacebook\t\t\t\t\t\t\t\t\t<\/span>\n\t\t\t\t\t\t\t\t\t\t\t\t\t\t\t\t\t<\/div>\n\t\t\t\t\t\t\t\t\t\t\t\t\t<\/div>\n\t\t\t\t\t<\/div>\n\t\t\t\t\t\t\t\t\t<div class=\"elementor-grid-item\" role=\"listitem\">\n\t\t\t\t\t\t<div class=\"elementor-share-btn elementor-share-btn_twitter\" role=\"button\" tabindex=\"0\" aria-label=\"Condividi su twitter\" data-no-translation-aria-label=\"\">\n\t\t\t\t\t\t\t\t\t\t\t\t\t\t\t<span class=\"elementor-share-btn__icon\">\n\t\t\t\t\t\t\t\t<i class=\"fab fa-twitter\" aria-hidden=\"true\"><\/i>\t\t\t\t\t\t\t<\/span>\n\t\t\t\t\t\t\t\t\t\t\t\t\t\t\t\t\t\t\t\t\t\t<div class=\"elementor-share-btn__text\">\n\t\t\t\t\t\t\t\t\t\t\t\t\t\t\t\t\t\t\t<span class=\"elementor-share-btn__title\">\n\t\t\t\t\t\t\t\t\t\tTwitter\t\t\t\t\t\t\t\t\t<\/span>\n\t\t\t\t\t\t\t\t\t\t\t\t\t\t\t\t\t<\/div>\n\t\t\t\t\t\t\t\t\t\t\t\t\t<\/div>\n\t\t\t\t\t<\/div>\n\t\t\t\t\t\t\t\t\t<div class=\"elementor-grid-item\" role=\"listitem\">\n\t\t\t\t\t\t<div class=\"elementor-share-btn elementor-share-btn_whatsapp\" role=\"button\" tabindex=\"0\" aria-label=\"Condividi su whatsapp\" data-no-translation-aria-label=\"\">\n\t\t\t\t\t\t\t\t\t\t\t\t\t\t\t<span class=\"elementor-share-btn__icon\">\n\t\t\t\t\t\t\t\t<i class=\"fab fa-whatsapp\" aria-hidden=\"true\"><\/i>\t\t\t\t\t\t\t<\/span>\n\t\t\t\t\t\t\t\t\t\t\t\t\t\t\t\t\t\t\t\t\t\t<div class=\"elementor-share-btn__text\">\n\t\t\t\t\t\t\t\t\t\t\t\t\t\t\t\t\t\t\t<span class=\"elementor-share-btn__title\">\n\t\t\t\t\t\t\t\t\t\tWhatsApp\t\t\t\t\t\t\t\t\t<\/span>\n\t\t\t\t\t\t\t\t\t\t\t\t\t\t\t\t\t<\/div>\n\t\t\t\t\t\t\t\t\t\t\t\t\t<\/div>\n\t\t\t\t\t<\/div>\n\t\t\t\t\t\t\t\t\t<div class=\"elementor-grid-item\" role=\"listitem\">\n\t\t\t\t\t\t<div class=\"elementor-share-btn elementor-share-btn_reddit\" role=\"button\" tabindex=\"0\" aria-label=\"Condividi su reddit\" data-no-translation-aria-label=\"\">\n\t\t\t\t\t\t\t\t\t\t\t\t\t\t\t<span class=\"elementor-share-btn__icon\">\n\t\t\t\t\t\t\t\t<i class=\"fab fa-reddit\" aria-hidden=\"true\"><\/i>\t\t\t\t\t\t\t<\/span>\n\t\t\t\t\t\t\t\t\t\t\t\t\t\t\t\t\t\t\t\t\t\t<div class=\"elementor-share-btn__text\">\n\t\t\t\t\t\t\t\t\t\t\t\t\t\t\t\t\t\t\t<span class=\"elementor-share-btn__title\">\n\t\t\t\t\t\t\t\t\t\tReddit\t\t\t\t\t\t\t\t\t<\/span>\n\t\t\t\t\t\t\t\t\t\t\t\t\t\t\t\t\t<\/div>\n\t\t\t\t\t\t\t\t\t\t\t\t\t<\/div>\n\t\t\t\t\t<\/div>\n\t\t\t\t\t\t\t\t\t<div class=\"elementor-grid-item\" role=\"listitem\">\n\t\t\t\t\t\t<div class=\"elementor-share-btn elementor-share-btn_vk\" role=\"button\" tabindex=\"0\" aria-label=\"Condividi su vk\" data-no-translation-aria-label=\"\">\n\t\t\t\t\t\t\t\t\t\t\t\t\t\t\t<span class=\"elementor-share-btn__icon\">\n\t\t\t\t\t\t\t\t<i class=\"fab fa-vk\" aria-hidden=\"true\"><\/i>\t\t\t\t\t\t\t<\/span>\n\t\t\t\t\t\t\t\t\t\t\t\t\t\t\t\t\t\t\t\t\t\t<div class=\"elementor-share-btn__text\">\n\t\t\t\t\t\t\t\t\t\t\t\t\t\t\t\t\t\t\t<span class=\"elementor-share-btn__title\">\n\t\t\t\t\t\t\t\t\t\tVK\t\t\t\t\t\t\t\t\t<\/span>\n\t\t\t\t\t\t\t\t\t\t\t\t\t\t\t\t\t<\/div>\n\t\t\t\t\t\t\t\t\t\t\t\t\t<\/div>\n\t\t\t\t\t<\/div>\n\t\t\t\t\t\t\t\t\t<div class=\"elementor-grid-item\" role=\"listitem\">\n\t\t\t\t\t\t<div class=\"elementor-share-btn elementor-share-btn_telegram\" role=\"button\" tabindex=\"0\" aria-label=\"Condividi su telegram\" data-no-translation-aria-label=\"\">\n\t\t\t\t\t\t\t\t\t\t\t\t\t\t\t<span class=\"elementor-share-btn__icon\">\n\t\t\t\t\t\t\t\t<i class=\"fab fa-telegram\" aria-hidden=\"true\"><\/i>\t\t\t\t\t\t\t<\/span>\n\t\t\t\t\t\t\t\t\t\t\t\t\t\t\t\t\t\t\t\t\t\t<div class=\"elementor-share-btn__text\">\n\t\t\t\t\t\t\t\t\t\t\t\t\t\t\t\t\t\t\t<span class=\"elementor-share-btn__title\">\n\t\t\t\t\t\t\t\t\t\tTelegramma\t\t\t\t\t\t\t\t\t<\/span>\n\t\t\t\t\t\t\t\t\t\t\t\t\t\t\t\t\t<\/div>\n\t\t\t\t\t\t\t\t\t\t\t\t\t<\/div>\n\t\t\t\t\t<\/div>\n\t\t\t\t\t\t<\/div>\n\t\t\t\t\t\t<\/div>\n\t\t\t\t<\/div>\n\t\t\t\t\t<\/div>\n\t\t<\/div>\n\t\t\t\t\t<\/div>\n\t\t<\/section>\n\t\t\t\t<\/div>","protected":false},"excerpt":{"rendered":"<p>Rules Welcome to Miramichat.net! Our platform is designed to create a safe and enjoyable environment for users to engage in random video chats with people from around the world. To ensure a positive experience for all users, we have established a set of rules that outline acceptable behavior and conduct on our platform. By accessing [&hellip;]<\/p>\n","protected":false},"author":1,"featured_media":0,"parent":0,"menu_order":0,"comment_status":"closed","ping_status":"closed","template":"elementor_header_footer","meta":{"footnotes":""},"class_list":["post-1935","page","type-page","status-publish","hentry"],"yoast_head":"<!-- This site is optimized with the Yoast SEO plugin v25.6 - https:\/\/yoast.com\/wordpress\/plugins\/seo\/ -->\n<title>Rules - Random Video Chat<\/title>\n<meta name=\"description\" content=\"Rules is an Anonymous random video chat with over 5.000.000 strangers. No Sign-Up Required! Random video chat on Rules.\" \/>\n<meta name=\"robots\" content=\"index, follow, max-snippet:-1, max-image-preview:large, max-video-preview:-1\" \/>\n<link rel=\"canonical\" href=\"https:\/\/miramichat.net\/it\/rules\/\" \/>\n<meta property=\"og:locale\" content=\"it_IT\" \/>\n<meta property=\"og:type\" content=\"article\" \/>\n<meta property=\"og:title\" content=\"Rules - Random Video Chat\" \/>\n<meta property=\"og:description\" content=\"Rules is an Anonymous random video chat with over 5.000.000 strangers. No Sign-Up Required! Random video chat on Rules.\" \/>\n<meta property=\"og:url\" content=\"https:\/\/miramichat.net\/it\/rules\/\" \/>\n<meta property=\"og:site_name\" content=\"Mirami Chat\" \/>\n<meta property=\"article:modified_time\" content=\"2023-04-03T15:18:17+00:00\" \/>\n<meta name=\"twitter:card\" content=\"summary_large_image\" \/>\n<meta name=\"twitter:label1\" content=\"Tempo di lettura stimato\" \/>\n\t<meta name=\"twitter:data1\" content=\"2 minuti\" \/>\n<script type=\"application\/ld+json\" class=\"yoast-schema-graph\">{\"@context\":\"https:\/\/schema.org\",\"@graph\":[{\"@type\":\"WebPage\",\"@id\":\"https:\/\/miramichat.net\/rules\/\",\"url\":\"https:\/\/miramichat.net\/rules\/\",\"name\":\"Rules - Random Video Chat\",\"isPartOf\":{\"@id\":\"https:\/\/miramichat.net\/#website\"},\"datePublished\":\"2023-04-03T15:13:28+00:00\",\"dateModified\":\"2023-04-03T15:18:17+00:00\",\"description\":\"Rules is an Anonymous random video chat with over 5.000.000 strangers. No Sign-Up Required! Random video chat on Rules.\",\"breadcrumb\":{\"@id\":\"https:\/\/miramichat.net\/rules\/#breadcrumb\"},\"inLanguage\":\"it-IT\",\"potentialAction\":[{\"@type\":\"ReadAction\",\"target\":[\"https:\/\/miramichat.net\/rules\/\"]}]},{\"@type\":\"BreadcrumbList\",\"@id\":\"https:\/\/miramichat.net\/rules\/#breadcrumb\",\"itemListElement\":[{\"@type\":\"ListItem\",\"position\":1,\"name\":\"Home\",\"item\":\"https:\/\/miramichat.net\/\"},{\"@type\":\"ListItem\",\"position\":2,\"name\":\"Rules\"}]},{\"@type\":\"WebSite\",\"@id\":\"https:\/\/miramichat.net\/#website\",\"url\":\"https:\/\/miramichat.net\/\",\"name\":\"Mirami Chat\",\"description\":\"\",\"publisher\":{\"@id\":\"https:\/\/miramichat.net\/#organization\"},\"potentialAction\":[{\"@type\":\"SearchAction\",\"target\":{\"@type\":\"EntryPoint\",\"urlTemplate\":\"https:\/\/miramichat.net\/?s={search_term_string}\"},\"query-input\":{\"@type\":\"PropertyValueSpecification\",\"valueRequired\":true,\"valueName\":\"search_term_string\"}}],\"inLanguage\":\"it-IT\"},{\"@type\":\"Organization\",\"@id\":\"https:\/\/miramichat.net\/#organization\",\"name\":\"Mirami Chat\",\"url\":\"https:\/\/miramichat.net\/\",\"logo\":{\"@type\":\"ImageObject\",\"inLanguage\":\"it-IT\",\"@id\":\"https:\/\/miramichat.net\/#\/schema\/logo\/image\/\",\"url\":\"http:\/\/miramichat.net\/wp-content\/uploads\/2021\/01\/bazoocam2.png\",\"contentUrl\":\"http:\/\/miramichat.net\/wp-content\/uploads\/2021\/01\/bazoocam2.png\",\"width\":649,\"height\":64,\"caption\":\"Mirami Chat\"},\"image\":{\"@id\":\"https:\/\/miramichat.net\/#\/schema\/logo\/image\/\"}}]}<\/script>\n<!-- \/ Yoast SEO plugin. -->","yoast_head_json":{"title":"Regole - Video chat casuale","description":"Rules \u00e8 una video chat anonima e casuale con oltre 5.000.000 di sconosciuti. Non \u00e8 richiesta l'iscrizione! Video chat casuale su Rules.","robots":{"index":"index","follow":"follow","max-snippet":"max-snippet:-1","max-image-preview":"max-image-preview:large","max-video-preview":"max-video-preview:-1"},"canonical":"https:\/\/miramichat.net\/it\/rules\/","og_locale":"it_IT","og_type":"article","og_title":"Rules - Random Video Chat","og_description":"Rules is an Anonymous random video chat with over 5.000.000 strangers. No Sign-Up Required! Random video chat on Rules.","og_url":"https:\/\/miramichat.net\/it\/rules\/","og_site_name":"Mirami Chat","article_modified_time":"2023-04-03T15:18:17+00:00","twitter_card":"summary_large_image","twitter_misc":{"Tempo di lettura stimato":"2 minuti"},"schema":{"@context":"https:\/\/schema.org","@graph":[{"@type":"WebPage","@id":"https:\/\/miramichat.net\/rules\/","url":"https:\/\/miramichat.net\/rules\/","name":"Regole - Video chat casuale","isPartOf":{"@id":"https:\/\/miramichat.net\/#website"},"datePublished":"2023-04-03T15:13:28+00:00","dateModified":"2023-04-03T15:18:17+00:00","description":"Rules \u00e8 una video chat anonima e casuale con oltre 5.000.000 di sconosciuti. Non \u00e8 richiesta l'iscrizione! Video chat casuale su Rules.","breadcrumb":{"@id":"https:\/\/miramichat.net\/rules\/#breadcrumb"},"inLanguage":"it-IT","potentialAction":[{"@type":"ReadAction","target":["https:\/\/miramichat.net\/rules\/"]}]},{"@type":"BreadcrumbList","@id":"https:\/\/miramichat.net\/rules\/#breadcrumb","itemListElement":[{"@type":"ListItem","position":1,"name":"Home","item":"https:\/\/miramichat.net\/"},{"@type":"ListItem","position":2,"name":"Rules"}]},{"@type":"WebSite","@id":"https:\/\/miramichat.net\/#website","url":"https:\/\/miramichat.net\/","name":"Mirami Chat","description":"","publisher":{"@id":"https:\/\/miramichat.net\/#organization"},"potentialAction":[{"@type":"SearchAction","target":{"@type":"EntryPoint","urlTemplate":"https:\/\/miramichat.net\/?s={search_term_string}"},"query-input":{"@type":"PropertyValueSpecification","valueRequired":true,"valueName":"search_term_string"}}],"inLanguage":"it-IT"},{"@type":"Organization","@id":"https:\/\/miramichat.net\/#organization","name":"Mirami Chat","url":"https:\/\/miramichat.net\/","logo":{"@type":"ImageObject","inLanguage":"it-IT","@id":"https:\/\/miramichat.net\/#\/schema\/logo\/image\/","url":"http:\/\/miramichat.net\/wp-content\/uploads\/2021\/01\/bazoocam2.png","contentUrl":"http:\/\/miramichat.net\/wp-content\/uploads\/2021\/01\/bazoocam2.png","width":649,"height":64,"caption":"Mirami Chat"},"image":{"@id":"https:\/\/miramichat.net\/#\/schema\/logo\/image\/"}}]}},"_links":{"self":[{"href":"https:\/\/miramichat.net\/it\/wp-json\/wp\/v2\/pages\/1935"}],"collection":[{"href":"https:\/\/miramichat.net\/it\/wp-json\/wp\/v2\/pages"}],"about":[{"href":"https:\/\/miramichat.net\/it\/wp-json\/wp\/v2\/types\/page"}],"author":[{"embeddable":true,"href":"https:\/\/miramichat.net\/it\/wp-json\/wp\/v2\/users\/1"}],"replies":[{"embeddable":true,"href":"https:\/\/miramichat.net\/it\/wp-json\/wp\/v2\/comments?post=1935"}],"version-history":[{"count":7,"href":"https:\/\/miramichat.net\/it\/wp-json\/wp\/v2\/pages\/1935\/revisions"}],"predecessor-version":[{"id":1953,"href":"https:\/\/miramichat.net\/it\/wp-json\/wp\/v2\/pages\/1935\/revisions\/1953"}],"wp:attachment":[{"href":"https:\/\/miramichat.net\/it\/wp-json\/wp\/v2\/media?parent=1935"}],"curies":[{"name":"wp","href":"https:\/\/api.w.org\/{rel}","templated":true}]}}