{"id":43,"date":"2020-04-08T23:06:52","date_gmt":"2020-04-08T21:06:52","guid":{"rendered":"https:\/\/miramichat.net\/?page_id=43"},"modified":"2023-04-03T17:13:14","modified_gmt":"2023-04-03T15:13:14","slug":"privacy","status":"publish","type":"page","link":"https:\/\/miramichat.net\/it\/privacy\/","title":{"rendered":"La privacy"},"content":{"rendered":"<div data-elementor-type=\"wp-page\" data-elementor-id=\"43\" class=\"elementor elementor-43\" data-elementor-post-type=\"page\">\n\t\t\t\t\t\t<section class=\"elementor-section elementor-top-section elementor-element elementor-element-35af04a1 elementor-section-boxed elementor-section-height-default elementor-section-height-default\" data-id=\"35af04a1\" data-element_type=\"section\" data-e-type=\"section\">\n\t\t\t\t\t\t<div class=\"elementor-container elementor-column-gap-default\">\n\t\t\t\t\t<div class=\"elementor-column elementor-col-100 elementor-top-column elementor-element elementor-element-1064e177\" data-id=\"1064e177\" data-element_type=\"column\" data-e-type=\"column\">\n\t\t\t<div class=\"elementor-widget-wrap elementor-element-populated\">\n\t\t\t\t\t\t<div class=\"elementor-element elementor-element-34e636ff elementor-widget elementor-widget-heading\" data-id=\"34e636ff\" data-element_type=\"widget\" data-e-type=\"widget\" data-widget_type=\"heading.default\">\n\t\t\t\t<div class=\"elementor-widget-container\">\n\t\t\t\t\t<h1 class=\"elementor-heading-title elementor-size-default\">La privacy<\/h1>\t\t\t\t<\/div>\n\t\t\t\t<\/div>\n\t\t\t\t\t<\/div>\n\t\t<\/div>\n\t\t\t\t\t<\/div>\n\t\t<\/section>\n\t\t\t\t<section class=\"elementor-section elementor-top-section elementor-element elementor-element-2c43ea8b elementor-section-boxed elementor-section-height-default elementor-section-height-default\" data-id=\"2c43ea8b\" data-element_type=\"section\" data-e-type=\"section\">\n\t\t\t\t\t\t<div class=\"elementor-container elementor-column-gap-default\">\n\t\t\t\t\t<div class=\"elementor-column elementor-col-100 elementor-top-column elementor-element elementor-element-6a75881f\" data-id=\"6a75881f\" data-element_type=\"column\" data-e-type=\"column\">\n\t\t\t<div class=\"elementor-widget-wrap elementor-element-populated\">\n\t\t\t\t\t\t<div class=\"elementor-element elementor-element-c53b83b elementor-widget elementor-widget-text-editor\" data-id=\"c53b83b\" data-element_type=\"widget\" data-e-type=\"widget\" data-widget_type=\"text-editor.default\">\n\t\t\t\t<div class=\"elementor-widget-container\">\n\t\t\t\t\t\t\t\t\t<p>Miramichat.net (\"noi\", \"ci\" o \"nostro\") apprezza e rispetta la privacy dei propri utenti (\"voi\", \"vostro\" o \"utente\"). La presente Informativa sulla privacy illustra i tipi di informazioni che raccogliamo, il modo in cui le utilizziamo e le misure che adottiamo per salvaguardare i vostri dati personali quando utilizzate i nostri servizi. Accedendo e utilizzando Miramichat.net, l'utente accetta i termini della presente Informativa sulla privacy.<\/p><h3>Informazioni raccolte<\/h3><p>Possiamo raccogliere i seguenti tipi di informazioni dai nostri utenti:<\/p><p>a. Informazioni personali: Si tratta di informazioni che possono essere utilizzate per identificare l'utente, come il nome, l'indirizzo e-mail e l'immagine del profilo. Raccogliamo queste informazioni solo quando l'utente le fornisce volontariamente, ad esempio quando crea un account o ci contatta per ricevere assistenza.<\/p><p>b. Informazioni sull'utilizzo: Raccogliamo automaticamente alcune informazioni sulle modalit\u00e0 di interazione con la nostra piattaforma, tra cui l'indirizzo IP, il tipo di browser, il sistema operativo, le pagine visitate e la durata della visita.<\/p><p>c. Cookie e tecnologie simili: Utilizziamo cookie e tecnologie simili per migliorare l'esperienza dell'utente, ricordare le sue preferenze e raccogliere dati d'uso aggregati.<\/p><h3>Come utilizziamo le vostre informazioni<\/h3><p>Possiamo utilizzare le informazioni raccolte per i seguenti scopi:<\/p><p>a. Fornire, mantenere e migliorare i nostri servizi. b. Comunicare con l'utente, rispondere alle richieste e fornire assistenza ai clienti. c. Personalizzare l'esperienza dell'utente e fornire contenuti pertinenti ai suoi interessi. d. Monitorare e analizzare l'utilizzo della piattaforma e le tendenze per migliorare i nostri servizi. e. Individuare, prevenire e risolvere problemi tecnici e potenziali minacce alla sicurezza. f. Applicare i nostri Termini di servizio e rispettare gli obblighi legali.<\/p><h3>Condivisione delle informazioni<\/h3><p>Non condivideremo i vostri dati personali con terzi senza il vostro esplicito consenso, tranne che nelle seguenti circostanze:<\/p><p>a. Per ottemperare a un obbligo legale, come un'ordinanza del tribunale, una citazione in giudizio o una richiesta delle forze dell'ordine. b. Per proteggere la sicurezza, i diritti o la propriet\u00e0 di Miramichat.net, dei nostri utenti o del pubblico. c. In caso di fusione, acquisizione o vendita di beni, nel qual caso le informazioni dell'utente potrebbero essere trasferite all'entit\u00e0 acquirente.<\/p><h3>Misure di sicurezza<\/h3><p>Prendiamo sul serio la sicurezza dei vostri dati personali e adottiamo misure standard del settore per proteggerli da accessi non autorizzati, divulgazione, alterazione o distruzione. Tuttavia, nessun metodo di trasmissione o archiviazione dei dati online \u00e8 100% sicuro e non possiamo garantire la sicurezza assoluta delle vostre informazioni.<\/p><h3>Privacy dei bambini<\/h3><p>Miramichat.net non \u00e8 destinato a utenti di et\u00e0 inferiore ai 13 anni. Non raccogliamo consapevolmente informazioni personali da bambini di et\u00e0 inferiore ai 13 anni. Se veniamo a conoscenza che un minore di 13 anni ci ha fornito informazioni personali, adotteremo le misure appropriate per rimuovere tali informazioni e chiudere l'account del minore.<\/p><h3>Link di terze parti<\/h3><p>La nostra piattaforma pu\u00f2 contenere link a siti web e servizi di terzi. Non siamo responsabili delle pratiche sulla privacy o dei contenuti di queste terze parti. Vi invitiamo a prendere visione delle politiche sulla privacy dei siti web o dei servizi di terzi che visitate.<\/p><h3>Modifiche alla nostra politica sulla privacy<\/h3><p>Possiamo aggiornare la nostra Informativa sulla privacy di tanto in tanto per riflettere le modifiche apportate alle nostre pratiche o alle leggi applicabili. Vi informeremo di qualsiasi modifica sostanziale pubblicando l'informativa aggiornata sulla nostra piattaforma, insieme alla data dell'ultimo aggiornamento. L'uso continuato di Miramichat.net dopo qualsiasi modifica alla nostra Informativa sulla privacy costituisce l'accettazione dell'informativa aggiornata.<\/p><h3>Contatto<\/h3><p>In caso di domande o dubbi sulla nostra Informativa sulla privacy o sui vostri dati personali, vi invitiamo a contattarci tramite la nostra pagina di contatto.<\/p>\t\t\t\t\t\t\t\t<\/div>\n\t\t\t\t<\/div>\n\t\t\t\t\t<\/div>\n\t\t<\/div>\n\t\t\t\t\t<\/div>\n\t\t<\/section>\n\t\t\t\t<section class=\"elementor-section elementor-top-section elementor-element elementor-element-718e82cd elementor-section-boxed elementor-section-height-default elementor-section-height-default\" data-id=\"718e82cd\" data-element_type=\"section\" data-e-type=\"section\" data-settings=\"{&quot;background_background&quot;:&quot;classic&quot;}\">\n\t\t\t\t\t\t<div class=\"elementor-container elementor-column-gap-default\">\n\t\t\t\t\t<div class=\"elementor-column elementor-col-100 elementor-top-column elementor-element elementor-element-104ed8f\" data-id=\"104ed8f\" data-element_type=\"column\" data-e-type=\"column\">\n\t\t\t<div class=\"elementor-widget-wrap elementor-element-populated\">\n\t\t\t\t\t\t<div class=\"elementor-element elementor-element-2cfaa1bc elementor-widget elementor-widget-heading\" data-id=\"2cfaa1bc\" data-element_type=\"widget\" data-e-type=\"widget\" data-widget_type=\"heading.default\">\n\t\t\t\t<div class=\"elementor-widget-container\">\n\t\t\t\t\t<h2 class=\"elementor-heading-title elementor-size-default\">Condividi la chat mirami con i tuoi amici<\/h2>\t\t\t\t<\/div>\n\t\t\t\t<\/div>\n\t\t\t\t<div class=\"elementor-element elementor-element-6032c3fb elementor-grid-mobile-1 elementor-share-buttons--view-icon-text elementor-share-buttons--skin-gradient elementor-share-buttons--shape-square elementor-grid-0 elementor-share-buttons--color-official elementor-widget elementor-widget-share-buttons\" data-id=\"6032c3fb\" data-element_type=\"widget\" data-e-type=\"widget\" data-widget_type=\"share-buttons.default\">\n\t\t\t\t<div class=\"elementor-widget-container\">\n\t\t\t\t\t\t\t<div class=\"elementor-grid\" role=\"list\">\n\t\t\t\t\t\t\t\t<div class=\"elementor-grid-item\" role=\"listitem\">\n\t\t\t\t\t\t<div class=\"elementor-share-btn elementor-share-btn_facebook\" role=\"button\" tabindex=\"0\" aria-label=\"Compartir en facebook\" data-no-translation-aria-label=\"\">\n\t\t\t\t\t\t\t\t\t\t\t\t\t\t\t<span class=\"elementor-share-btn__icon\">\n\t\t\t\t\t\t\t\t<i class=\"fab fa-facebook\" aria-hidden=\"true\"><\/i>\t\t\t\t\t\t\t<\/span>\n\t\t\t\t\t\t\t\t\t\t\t\t\t\t\t\t\t\t\t\t\t\t<div class=\"elementor-share-btn__text\">\n\t\t\t\t\t\t\t\t\t\t\t\t\t\t\t\t\t\t\t<span class=\"elementor-share-btn__title\">\n\t\t\t\t\t\t\t\t\t\tFacebook\t\t\t\t\t\t\t\t\t<\/span>\n\t\t\t\t\t\t\t\t\t\t\t\t\t\t\t\t\t<\/div>\n\t\t\t\t\t\t\t\t\t\t\t\t\t<\/div>\n\t\t\t\t\t<\/div>\n\t\t\t\t\t\t\t\t\t<div class=\"elementor-grid-item\" role=\"listitem\">\n\t\t\t\t\t\t<div class=\"elementor-share-btn elementor-share-btn_twitter\" role=\"button\" tabindex=\"0\" aria-label=\"Compartir en twitter\" data-no-translation-aria-label=\"\">\n\t\t\t\t\t\t\t\t\t\t\t\t\t\t\t<span class=\"elementor-share-btn__icon\">\n\t\t\t\t\t\t\t\t<i class=\"fab fa-twitter\" aria-hidden=\"true\"><\/i>\t\t\t\t\t\t\t<\/span>\n\t\t\t\t\t\t\t\t\t\t\t\t\t\t\t\t\t\t\t\t\t\t<div class=\"elementor-share-btn__text\">\n\t\t\t\t\t\t\t\t\t\t\t\t\t\t\t\t\t\t\t<span class=\"elementor-share-btn__title\">\n\t\t\t\t\t\t\t\t\t\tTwitter\t\t\t\t\t\t\t\t\t<\/span>\n\t\t\t\t\t\t\t\t\t\t\t\t\t\t\t\t\t<\/div>\n\t\t\t\t\t\t\t\t\t\t\t\t\t<\/div>\n\t\t\t\t\t<\/div>\n\t\t\t\t\t\t\t\t\t<div class=\"elementor-grid-item\" role=\"listitem\">\n\t\t\t\t\t\t<div class=\"elementor-share-btn elementor-share-btn_whatsapp\" role=\"button\" tabindex=\"0\" aria-label=\"Compartir en whatsapp\" data-no-translation-aria-label=\"\">\n\t\t\t\t\t\t\t\t\t\t\t\t\t\t\t<span class=\"elementor-share-btn__icon\">\n\t\t\t\t\t\t\t\t<i class=\"fab fa-whatsapp\" aria-hidden=\"true\"><\/i>\t\t\t\t\t\t\t<\/span>\n\t\t\t\t\t\t\t\t\t\t\t\t\t\t\t\t\t\t\t\t\t\t<div class=\"elementor-share-btn__text\">\n\t\t\t\t\t\t\t\t\t\t\t\t\t\t\t\t\t\t\t<span class=\"elementor-share-btn__title\">\n\t\t\t\t\t\t\t\t\t\tWhatsApp\t\t\t\t\t\t\t\t\t<\/span>\n\t\t\t\t\t\t\t\t\t\t\t\t\t\t\t\t\t<\/div>\n\t\t\t\t\t\t\t\t\t\t\t\t\t<\/div>\n\t\t\t\t\t<\/div>\n\t\t\t\t\t\t\t\t\t<div class=\"elementor-grid-item\" role=\"listitem\">\n\t\t\t\t\t\t<div class=\"elementor-share-btn elementor-share-btn_reddit\" role=\"button\" tabindex=\"0\" aria-label=\"Compartir en reddit\" data-no-translation-aria-label=\"\">\n\t\t\t\t\t\t\t\t\t\t\t\t\t\t\t<span class=\"elementor-share-btn__icon\">\n\t\t\t\t\t\t\t\t<i class=\"fab fa-reddit\" aria-hidden=\"true\"><\/i>\t\t\t\t\t\t\t<\/span>\n\t\t\t\t\t\t\t\t\t\t\t\t\t\t\t\t\t\t\t\t\t\t<div class=\"elementor-share-btn__text\">\n\t\t\t\t\t\t\t\t\t\t\t\t\t\t\t\t\t\t\t<span class=\"elementor-share-btn__title\">\n\t\t\t\t\t\t\t\t\t\tReddit\t\t\t\t\t\t\t\t\t<\/span>\n\t\t\t\t\t\t\t\t\t\t\t\t\t\t\t\t\t<\/div>\n\t\t\t\t\t\t\t\t\t\t\t\t\t<\/div>\n\t\t\t\t\t<\/div>\n\t\t\t\t\t\t\t\t\t<div class=\"elementor-grid-item\" role=\"listitem\">\n\t\t\t\t\t\t<div class=\"elementor-share-btn elementor-share-btn_vk\" role=\"button\" tabindex=\"0\" aria-label=\"Compartir en vk\" data-no-translation-aria-label=\"\">\n\t\t\t\t\t\t\t\t\t\t\t\t\t\t\t<span class=\"elementor-share-btn__icon\">\n\t\t\t\t\t\t\t\t<i class=\"fab fa-vk\" aria-hidden=\"true\"><\/i>\t\t\t\t\t\t\t<\/span>\n\t\t\t\t\t\t\t\t\t\t\t\t\t\t\t\t\t\t\t\t\t\t<div class=\"elementor-share-btn__text\">\n\t\t\t\t\t\t\t\t\t\t\t\t\t\t\t\t\t\t\t<span class=\"elementor-share-btn__title\">\n\t\t\t\t\t\t\t\t\t\tVK\t\t\t\t\t\t\t\t\t<\/span>\n\t\t\t\t\t\t\t\t\t\t\t\t\t\t\t\t\t<\/div>\n\t\t\t\t\t\t\t\t\t\t\t\t\t<\/div>\n\t\t\t\t\t<\/div>\n\t\t\t\t\t\t\t\t\t<div class=\"elementor-grid-item\" role=\"listitem\">\n\t\t\t\t\t\t<div class=\"elementor-share-btn elementor-share-btn_telegram\" role=\"button\" tabindex=\"0\" aria-label=\"Compartir en telegram\" data-no-translation-aria-label=\"\">\n\t\t\t\t\t\t\t\t\t\t\t\t\t\t\t<span class=\"elementor-share-btn__icon\">\n\t\t\t\t\t\t\t\t<i class=\"fab fa-telegram\" aria-hidden=\"true\"><\/i>\t\t\t\t\t\t\t<\/span>\n\t\t\t\t\t\t\t\t\t\t\t\t\t\t\t\t\t\t\t\t\t\t<div class=\"elementor-share-btn__text\">\n\t\t\t\t\t\t\t\t\t\t\t\t\t\t\t\t\t\t\t<span class=\"elementor-share-btn__title\">\n\t\t\t\t\t\t\t\t\t\tTelegramma\t\t\t\t\t\t\t\t\t<\/span>\n\t\t\t\t\t\t\t\t\t\t\t\t\t\t\t\t\t<\/div>\n\t\t\t\t\t\t\t\t\t\t\t\t\t<\/div>\n\t\t\t\t\t<\/div>\n\t\t\t\t\t\t<\/div>\n\t\t\t\t\t\t<\/div>\n\t\t\t\t<\/div>\n\t\t\t\t\t<\/div>\n\t\t<\/div>\n\t\t\t\t\t<\/div>\n\t\t<\/section>\n\t\t\t\t<\/div>","protected":false},"excerpt":{"rendered":"<p>Privacy Miramichat.net (&#8220;we,&#8221; &#8220;us,&#8221; or &#8220;our&#8221;) values and respects the privacy of its users (&#8220;you,&#8221; &#8220;your,&#8221; or &#8220;user&#8221;). This Privacy Policy outlines the types of information we collect, how we use it, and the measures we take to safeguard your personal information when you use our services. By accessing and using Miramichat.net, you agree to [&hellip;]<\/p>\n","protected":false},"author":1,"featured_media":0,"parent":0,"menu_order":0,"comment_status":"closed","ping_status":"closed","template":"elementor_header_footer","meta":{"footnotes":""},"class_list":["post-43","page","type-page","status-publish","hentry"],"yoast_head":"<!-- This site is optimized with the Yoast SEO plugin v25.6 - https:\/\/yoast.com\/wordpress\/plugins\/seo\/ -->\n<title>Privacy - Random Video Chat<\/title>\n<meta name=\"description\" content=\"Privacy is an Anonymous random video chat with over 5.000.000 strangers. No Sign-Up Required! Random video chat on Privacy.\" \/>\n<meta name=\"robots\" content=\"index, follow, max-snippet:-1, max-image-preview:large, max-video-preview:-1\" \/>\n<link rel=\"canonical\" href=\"https:\/\/miramichat.net\/it\/privacy\/\" \/>\n<meta property=\"og:locale\" content=\"it_IT\" \/>\n<meta property=\"og:type\" content=\"article\" \/>\n<meta property=\"og:title\" content=\"Privacy - Random Video Chat\" \/>\n<meta property=\"og:description\" content=\"Privacy is an Anonymous random video chat with over 5.000.000 strangers. No Sign-Up Required! Random video chat on Privacy.\" \/>\n<meta property=\"og:url\" content=\"https:\/\/miramichat.net\/it\/privacy\/\" \/>\n<meta property=\"og:site_name\" content=\"Mirami Chat\" \/>\n<meta property=\"article:modified_time\" content=\"2023-04-03T15:13:14+00:00\" \/>\n<meta name=\"twitter:card\" content=\"summary_large_image\" \/>\n<meta name=\"twitter:label1\" content=\"Tempo di lettura stimato\" \/>\n\t<meta name=\"twitter:data1\" content=\"3 minuti\" \/>\n<script type=\"application\/ld+json\" class=\"yoast-schema-graph\">{\"@context\":\"https:\/\/schema.org\",\"@graph\":[{\"@type\":\"WebPage\",\"@id\":\"https:\/\/miramichat.net\/privacy\/\",\"url\":\"https:\/\/miramichat.net\/privacy\/\",\"name\":\"Privacy - Random Video Chat\",\"isPartOf\":{\"@id\":\"https:\/\/miramichat.net\/#website\"},\"datePublished\":\"2020-04-08T21:06:52+00:00\",\"dateModified\":\"2023-04-03T15:13:14+00:00\",\"description\":\"Privacy is an Anonymous random video chat with over 5.000.000 strangers. No Sign-Up Required! Random video chat on Privacy.\",\"breadcrumb\":{\"@id\":\"https:\/\/miramichat.net\/privacy\/#breadcrumb\"},\"inLanguage\":\"it-IT\",\"potentialAction\":[{\"@type\":\"ReadAction\",\"target\":[\"https:\/\/miramichat.net\/privacy\/\"]}]},{\"@type\":\"BreadcrumbList\",\"@id\":\"https:\/\/miramichat.net\/privacy\/#breadcrumb\",\"itemListElement\":[{\"@type\":\"ListItem\",\"position\":1,\"name\":\"Home\",\"item\":\"https:\/\/miramichat.net\/\"},{\"@type\":\"ListItem\",\"position\":2,\"name\":\"Privacy\"}]},{\"@type\":\"WebSite\",\"@id\":\"https:\/\/miramichat.net\/#website\",\"url\":\"https:\/\/miramichat.net\/\",\"name\":\"Mirami Chat\",\"description\":\"\",\"publisher\":{\"@id\":\"https:\/\/miramichat.net\/#organization\"},\"potentialAction\":[{\"@type\":\"SearchAction\",\"target\":{\"@type\":\"EntryPoint\",\"urlTemplate\":\"https:\/\/miramichat.net\/?s={search_term_string}\"},\"query-input\":{\"@type\":\"PropertyValueSpecification\",\"valueRequired\":true,\"valueName\":\"search_term_string\"}}],\"inLanguage\":\"it-IT\"},{\"@type\":\"Organization\",\"@id\":\"https:\/\/miramichat.net\/#organization\",\"name\":\"Mirami Chat\",\"url\":\"https:\/\/miramichat.net\/\",\"logo\":{\"@type\":\"ImageObject\",\"inLanguage\":\"it-IT\",\"@id\":\"https:\/\/miramichat.net\/#\/schema\/logo\/image\/\",\"url\":\"http:\/\/miramichat.net\/wp-content\/uploads\/2021\/01\/bazoocam2.png\",\"contentUrl\":\"http:\/\/miramichat.net\/wp-content\/uploads\/2021\/01\/bazoocam2.png\",\"width\":649,\"height\":64,\"caption\":\"Mirami Chat\"},\"image\":{\"@id\":\"https:\/\/miramichat.net\/#\/schema\/logo\/image\/\"}}]}<\/script>\n<!-- \/ Yoast SEO plugin. -->","yoast_head_json":{"title":"Privacy - Chat video casuale","description":"Privacy \u00e8 una video chat casuale anonima con oltre 5.000.000 di sconosciuti. Non \u00e8 richiesta l'iscrizione! Video chat casuale su Privacy.","robots":{"index":"index","follow":"follow","max-snippet":"max-snippet:-1","max-image-preview":"max-image-preview:large","max-video-preview":"max-video-preview:-1"},"canonical":"https:\/\/miramichat.net\/it\/privacy\/","og_locale":"it_IT","og_type":"article","og_title":"Privacy - Random Video Chat","og_description":"Privacy is an Anonymous random video chat with over 5.000.000 strangers. No Sign-Up Required! Random video chat on Privacy.","og_url":"https:\/\/miramichat.net\/it\/privacy\/","og_site_name":"Mirami Chat","article_modified_time":"2023-04-03T15:13:14+00:00","twitter_card":"summary_large_image","twitter_misc":{"Tempo di lettura stimato":"3 minuti"},"schema":{"@context":"https:\/\/schema.org","@graph":[{"@type":"WebPage","@id":"https:\/\/miramichat.net\/privacy\/","url":"https:\/\/miramichat.net\/privacy\/","name":"Privacy - Chat video casuale","isPartOf":{"@id":"https:\/\/miramichat.net\/#website"},"datePublished":"2020-04-08T21:06:52+00:00","dateModified":"2023-04-03T15:13:14+00:00","description":"Privacy \u00e8 una video chat casuale anonima con oltre 5.000.000 di sconosciuti. Non \u00e8 richiesta l'iscrizione! Video chat casuale su Privacy.","breadcrumb":{"@id":"https:\/\/miramichat.net\/privacy\/#breadcrumb"},"inLanguage":"it-IT","potentialAction":[{"@type":"ReadAction","target":["https:\/\/miramichat.net\/privacy\/"]}]},{"@type":"BreadcrumbList","@id":"https:\/\/miramichat.net\/privacy\/#breadcrumb","itemListElement":[{"@type":"ListItem","position":1,"name":"Home","item":"https:\/\/miramichat.net\/"},{"@type":"ListItem","position":2,"name":"Privacy"}]},{"@type":"WebSite","@id":"https:\/\/miramichat.net\/#website","url":"https:\/\/miramichat.net\/","name":"Mirami Chat","description":"","publisher":{"@id":"https:\/\/miramichat.net\/#organization"},"potentialAction":[{"@type":"SearchAction","target":{"@type":"EntryPoint","urlTemplate":"https:\/\/miramichat.net\/?s={search_term_string}"},"query-input":{"@type":"PropertyValueSpecification","valueRequired":true,"valueName":"search_term_string"}}],"inLanguage":"it-IT"},{"@type":"Organization","@id":"https:\/\/miramichat.net\/#organization","name":"Mirami Chat","url":"https:\/\/miramichat.net\/","logo":{"@type":"ImageObject","inLanguage":"it-IT","@id":"https:\/\/miramichat.net\/#\/schema\/logo\/image\/","url":"http:\/\/miramichat.net\/wp-content\/uploads\/2021\/01\/bazoocam2.png","contentUrl":"http:\/\/miramichat.net\/wp-content\/uploads\/2021\/01\/bazoocam2.png","width":649,"height":64,"caption":"Mirami Chat"},"image":{"@id":"https:\/\/miramichat.net\/#\/schema\/logo\/image\/"}}]}},"_links":{"self":[{"href":"https:\/\/miramichat.net\/it\/wp-json\/wp\/v2\/pages\/43"}],"collection":[{"href":"https:\/\/miramichat.net\/it\/wp-json\/wp\/v2\/pages"}],"about":[{"href":"https:\/\/miramichat.net\/it\/wp-json\/wp\/v2\/types\/page"}],"author":[{"embeddable":true,"href":"https:\/\/miramichat.net\/it\/wp-json\/wp\/v2\/users\/1"}],"replies":[{"embeddable":true,"href":"https:\/\/miramichat.net\/it\/wp-json\/wp\/v2\/comments?post=43"}],"version-history":[{"count":10,"href":"https:\/\/miramichat.net\/it\/wp-json\/wp\/v2\/pages\/43\/revisions"}],"predecessor-version":[{"id":1934,"href":"https:\/\/miramichat.net\/it\/wp-json\/wp\/v2\/pages\/43\/revisions\/1934"}],"wp:attachment":[{"href":"https:\/\/miramichat.net\/it\/wp-json\/wp\/v2\/media?parent=43"}],"curies":[{"name":"wp","href":"https:\/\/api.w.org\/{rel}","templated":true}]}}